{"id":5290,"date":"2025-12-04T18:24:07","date_gmt":"2025-12-04T17:24:07","guid":{"rendered":"https:\/\/comunidad.yosoyvegetal.com\/politica-de-cookies\/"},"modified":"2026-02-02T15:03:08","modified_gmt":"2026-02-02T14:03:08","slug":"politica-de-cookies","status":"publish","type":"page","link":"https:\/\/comunidad.yosoyvegetal.com\/ca\/politica-de-cookies\/","title":{"rendered":"Pol\u00edtica de cookies"},"content":{"rendered":"\t\t<div data-elementor-type=\"wp-page\" data-elementor-id=\"5290\" class=\"elementor elementor-5290 elementor-4628\" data-elementor-post-type=\"page\">\n\t\t\t\t<div class=\"elementor-element elementor-element-2b85074 e-con-full e-flex e-con e-parent\" data-id=\"2b85074\" data-element_type=\"container\" data-e-type=\"container\" data-settings=\"{&quot;background_background&quot;:&quot;classic&quot;}\">\n\t\t<div class=\"elementor-element elementor-element-2ab8b60 e-flex e-con-boxed e-con e-child\" data-id=\"2ab8b60\" data-element_type=\"container\" data-e-type=\"container\" data-settings=\"{&quot;background_background&quot;:&quot;classic&quot;}\">\n\t\t\t\t\t<div class=\"e-con-inner\">\n\t\t<div class=\"elementor-element elementor-element-0d9c0c4 e-con-full e-flex elementor-invisible e-con e-child\" data-id=\"0d9c0c4\" data-element_type=\"container\" data-e-type=\"container\" data-settings=\"{&quot;animation&quot;:&quot;fadeIn&quot;,&quot;animation_delay&quot;:200}\">\n\t\t\t\t<div class=\"elementor-element elementor-element-650f948 elementor-widget__width-initial elementor-widget elementor-widget-heading\" data-id=\"650f948\" data-element_type=\"widget\" data-e-type=\"widget\" data-settings=\"{&quot;_animation&quot;:&quot;none&quot;}\" data-widget_type=\"heading.default\">\n\t\t\t\t\t<h2 class=\"elementor-heading-title elementor-size-default\">Pol\u00edtica de Cookies<\/h2>\t\t\t\t<\/div>\n\t\t\t\t<\/div>\n\t\t\t\t\t<\/div>\n\t\t\t\t<\/div>\n\t\t\t\t<\/div>\n\t\t<div class=\"elementor-element elementor-element-a84530d e-con-full e-flex e-con e-parent\" data-id=\"a84530d\" data-element_type=\"container\" data-e-type=\"container\" id=\"nuevotiquet\" data-settings=\"{&quot;background_background&quot;:&quot;classic&quot;}\">\n\t\t<div class=\"elementor-element elementor-element-5838ce5 e-flex e-con-boxed e-con e-child\" data-id=\"5838ce5\" data-element_type=\"container\" data-e-type=\"container\" data-settings=\"{&quot;background_background&quot;:&quot;classic&quot;}\">\n\t\t\t\t\t<div class=\"e-con-inner\">\n\t\t\t\t<div class=\"elementor-element elementor-element-b120a52 elementor-widget__width-initial elementor-widget elementor-widget-text-editor\" data-id=\"b120a52\" data-element_type=\"widget\" data-e-type=\"widget\" data-widget_type=\"text-editor.default\">\n\t\t\t\t\t\t\t\t\t<p>LIQUATS VEGETALS, S.A. utilitza diferents cookies durant la navegaci\u00f3 pel seu Lloc Web. Per con\u00e8ixer tota la informaci\u00f3 relativa a la nostra Pol\u00edtica de Cookies, consulti els apartats que trobar\u00e0 a continuaci\u00f3:<\/p>\t\t\t\t\t\t\t\t<\/div>\n\t\t\t\t<div class=\"elementor-element elementor-element-1e16f4c elementor-widget__width-initial elementor-widget elementor-widget-heading\" data-id=\"1e16f4c\" data-element_type=\"widget\" data-e-type=\"widget\" data-settings=\"{&quot;_animation&quot;:&quot;none&quot;}\" data-widget_type=\"heading.default\">\n\t\t\t\t\t<h2 class=\"elementor-heading-title elementor-size-default\">Qu\u00e8 \u00e9s una cookie?<\/h2>\t\t\t\t<\/div>\n\t\t\t\t<div class=\"elementor-element elementor-element-bdc3149 elementor-widget__width-initial elementor-widget elementor-widget-text-editor\" data-id=\"bdc3149\" data-element_type=\"widget\" data-e-type=\"widget\" data-widget_type=\"text-editor.default\">\n\t\t\t\t\t\t\t\t\t<p>Les cookies s\u00f3n fitxers de text que contenen petites quantitats d&#8217;informaci\u00f3 que es descarreguen i instal\u00b7len al seu ordinador o dispositiu m\u00f2bil quan visita un lloc web. Les cookies s&#8217;envien de tornada al lloc web original a cada visita posterior, o a un altre lloc web que les reconegui.<\/p>\t\t\t\t\t\t\t\t<\/div>\n\t\t\t\t<div class=\"elementor-element elementor-element-efb78cb elementor-widget__width-initial elementor-widget elementor-widget-heading\" data-id=\"efb78cb\" data-element_type=\"widget\" data-e-type=\"widget\" data-settings=\"{&quot;_animation&quot;:&quot;none&quot;}\" data-widget_type=\"heading.default\">\n\t\t\t\t\t<h2 class=\"elementor-heading-title elementor-size-default\">Quins tipus de cookies hi ha?<\/h2>\t\t\t\t<\/div>\n\t\t\t\t<div class=\"elementor-element elementor-element-d4e716d elementor-widget__width-initial elementor-widget elementor-widget-text-editor\" data-id=\"d4e716d\" data-element_type=\"widget\" data-e-type=\"widget\" data-widget_type=\"text-editor.default\">\n\t\t\t\t\t\t\t\t\t<p>En funci\u00f3 de la seva finalitat, les cookies poden ser:<\/p><ul><li><strong>Cookies t\u00e8cniques:<\/strong> S\u00f3n aquelles que permeten a l&#8217;usuari la navegaci\u00f3 a trav\u00e9s d&#8217;una p\u00e0gina web, plataforma o aplicaci\u00f3 i la utilitzaci\u00f3 de les diferents opcions o serveis que hi hagi, incloent-hi aquelles que l&#8217;editor utilitza per permetre la gesti\u00f3 i operativa de la p\u00e0gina web i habilitar les seves funcions i serveis, com ara controlar el tr\u00e0nsit i la comunicaci\u00f3 de dades, identificar la sessi\u00f3, accedir a parts d&#8217;acc\u00e9s restringit, recordar els elements que integren una comanda, realitzar el proc\u00e9s de compra d&#8217;una comanda, gestionar el pagament, controlar el frau vinculat a la seguretat del servei, realitzar la sol\u00b7licitud d&#8217;inscripci\u00f3 o participaci\u00f3 en un esdeveniment, comptar visites a efectes de la facturaci\u00f3 de les llic\u00e8ncies de programari amb qu\u00e8 funciona el servei, utilitzar elements de seguretat durant la navegaci\u00f3, emmagatzemar continguts per a la difusi\u00f3 de v\u00eddeos o so, habilitar continguts din\u00e0mics (per exemple, animaci\u00f3 de c\u00e0rrega d&#8217;un text o imatge) o compartir continguts mitjan\u00e7ant les xarxes socials.<\/li><li><strong>Cookies de personalitzaci\u00f3 o prefer\u00e8ncies:<\/strong> S\u00f3n aquelles que permeten recordar informaci\u00f3 perqu\u00e8 l&#8217;usuari pugui accedir al servei amb algunes caracter\u00edstiques que poden diferenciar la seva experi\u00e8ncia de la d&#8217;altres usuaris, com ara l&#8217;idioma, el nombre de resultats que cal mostrar quan l&#8217;usuari realitza una cerca, l&#8217;aspecte o el contingut del servei en funci\u00f3 del tipus de navegador a trav\u00e9s del qual accedeix l&#8217;usuari, la configuraci\u00f3 regional des d&#8217;on accedeix al servei, etc.<\/li><li><strong>Cookies d&#8217;an\u00e0lisi o mesurament:<\/strong> S\u00f3n aquelles que permeten al responsable d\u2019aquestes el seguiment i an\u00e0lisi del comportament dels usuaris dels llocs web als quals estan vinculades, inclosa la quantificaci\u00f3 dels impactes dels anuncis. La informaci\u00f3 recollida mitjan\u00e7ant aquesta mena de cookies s&#8217;utilitza en el mesurament de l&#8217;activitat dels llocs web, l&#8217;aplicaci\u00f3 o la plataforma per introduir millores en funci\u00f3 de l&#8217;an\u00e0lisi de les dades de l&#8217;\u00fas que fan els usuaris del servei.<\/li><li><strong>Cookies de publicitat comportamental:<\/strong> Aquestes cookies emmagatzemen informaci\u00f3 del comportament dels usuaris obtinguda mitjan\u00e7ant l&#8217;observaci\u00f3 continuada dels seus h\u00e0bits de navegaci\u00f3, la qual cosa permet desenvolupar un perfil espec\u00edfic per mostrar publicitat en funci\u00f3 d&#8217;aquest.<\/li><\/ul><table width=\"944\"><tbody><tr><td width=\"151\"><p><strong>TIPUS<\/strong><\/p><\/td><td width=\"133\"><p><strong>DENOMINACI\u00d3<\/strong><\/p><\/td><td width=\"400\"><p><strong>FINALITAT<\/strong><\/p><\/td><td width=\"132\"><p><strong>RESPONSABLE<\/strong><\/p><\/td><td width=\"128\"><p><strong>CONSERVACI\u00d3<\/strong><\/p><\/td><\/tr><tr><td width=\"151\"><p>T\u00e8cniques<\/p><\/td><td width=\"133\"><p>csrftoken<\/p><\/td><td width=\"400\"><p>Cookie associada amb la plataforma de desenvolupament web de Django per a python. S&#8217;utilitza per ajudar a protegir el lloc web contra els atacs de Cross-Site Request Forgery.<\/p><\/td><td width=\"132\"><p>Django<\/p><\/td><td width=\"128\"><p>11 mesos<\/p><\/td><\/tr><tr><td width=\"151\"><p>Anal\u00edtiques-mesurament<\/p><\/td><td width=\"133\"><p>_ga<\/p><\/td><td width=\"400\"><p>Aquesta cookie \u00e9s instal\u00b7lada per Google Analytics. La cookie s&#8217;utilitza per calcular les dades de visitants, sessions, campanyes i fer un seguiment de l&#8217;\u00fas del lloc per a l&#8217;informe anal\u00edtic d&#8217;aquest.<\/p><\/td><td width=\"132\"><p>LIQUATS VEGETALS\/Google<\/p><\/td><td width=\"128\"><p>2 anys<\/p><\/td><\/tr><tr><td width=\"151\"><p>\u00a0<\/p><\/td><td width=\"133\"><p>_gat<\/p><\/td><td width=\"400\"><p>Aquesta cookie \u00e9s instal\u00b7lada per Google Analytics i s&#8217;utilitza per limitar el percentatge de sol\u00b7licituds<\/p><\/td><td width=\"132\"><p>\u00a0<\/p><\/td><td width=\"128\"><p>1 dia<\/p><\/td><\/tr><tr><td width=\"151\"><p>\u00a0<\/p><\/td><td width=\"133\"><p>_gid<\/p><\/td><td width=\"400\"><p>Aquesta cookie \u00e9s instal\u00b7lada per Google Analytics. La cookie registra un identificador \u00fanic que s&#8217;utilitza per generar dades estad\u00edstiques en relaci\u00f3 amb la manera com el visitant utilitza el lloc web.<\/p><\/td><td width=\"132\"><p>\u00a0<\/p><\/td><td width=\"128\"><p>\u00a0<\/p><\/td><\/tr><tr><td width=\"151\"><p>\u00a0<\/p><\/td><td width=\"133\"><p>collect<\/p><\/td><td width=\"400\"><p>P\u00edxel que s&#8217;utilitza per enviar dades a Google Analytics sobre el dispositiu del visitant i el seu comportament. Rastreja el visitant a trav\u00e9s dels dispositius.<\/p><\/td><td width=\"132\"><p>\u00a0<\/p><\/td><td width=\"128\"><p>\u00a0<\/p><\/td><\/tr><tr><td width=\"151\"><p>Prefer\u00e8ncies<\/p><\/td><td width=\"133\"><p>mid<\/p><\/td><td width=\"400\"><p>Cookie instal\u00b7lada per Instagram. La cookie s&#8217;utilitza per distingir els usuaris i mostrar-los el contingut rellevant, per a una millor experi\u00e8ncia i seguretat de l&#8217;usuari.<\/p><\/td><td width=\"132\"><p>Instagram<\/p><\/td><td width=\"128\"><p>2 anys<\/p><\/td><\/tr><tr><td width=\"151\"><p>\u00a0<\/p><\/td><td width=\"133\"><p>urlgen<\/p><\/td><td width=\"400\"><p>Cookie instal\u00b7lada per Instagram que permet a l&#8217;usuari navegar pel Lloc Web de manera segura, impedint qualsevol falsificaci\u00f3 de la sol\u00b7licitud al lloc.<\/p><\/td><td width=\"132\"><p>\u00a0<\/p><\/td><td width=\"128\"><p>En acabar la sessi\u00f3<\/p><\/td><\/tr><\/tbody><\/table>\t\t\t\t\t\t\t\t<\/div>\n\t\t\t\t<div class=\"elementor-element elementor-element-8e66163 elementor-widget__width-initial elementor-widget elementor-widget-heading\" data-id=\"8e66163\" data-element_type=\"widget\" data-e-type=\"widget\" data-settings=\"{&quot;_animation&quot;:&quot;none&quot;}\" data-widget_type=\"heading.default\">\n\t\t\t\t\t<h2 class=\"elementor-heading-title elementor-size-default\">Quines cookies utilitzem?<\/h2>\t\t\t\t<\/div>\n\t\t\t\t<div class=\"elementor-element elementor-element-f89cb0b elementor-widget__width-initial elementor-widget elementor-widget-text-editor\" data-id=\"f89cb0b\" data-element_type=\"widget\" data-e-type=\"widget\" data-widget_type=\"text-editor.default\">\n\t\t\t\t\t\t\t\t\t<p>Hem detallat com aquest Lloc Web utilitza les cookies per informar-lo amb la m\u00e0xima transpar\u00e8ncia possible. Per a la seva comoditat, li oferim la possibilitat d&#8217;acceptar o rebutjar les cookies mitjan\u00e7ant el panell de configuraci\u00f3 de cookies accessible al banner.<\/p><p>Ni aquest Lloc Web ni els seus representants legals s\u00f3n responsables del contingut ni de la veracitat de les pol\u00edtiques de privadesa dels tercers esmentats en aquesta Pol\u00edtica de Cookies.<\/p>\t\t\t\t\t\t\t\t<\/div>\n\t\t\t\t<div class=\"elementor-element elementor-element-428b1ea elementor-widget__width-initial elementor-widget elementor-widget-heading\" data-id=\"428b1ea\" data-element_type=\"widget\" data-e-type=\"widget\" data-settings=\"{&quot;_animation&quot;:&quot;none&quot;}\" data-widget_type=\"heading.default\">\n\t\t\t\t\t<h2 class=\"elementor-heading-title elementor-size-default\">Com desinstal\u00b7lo les cookies?<\/h2>\t\t\t\t<\/div>\n\t\t\t\t<div class=\"elementor-element elementor-element-dfccc6f elementor-widget__width-initial elementor-widget elementor-widget-text-editor\" data-id=\"dfccc6f\" data-element_type=\"widget\" data-e-type=\"widget\" data-widget_type=\"text-editor.default\">\n\t\t\t\t\t\t\t\t\t<p>L&#8217;usuari pot decidir lliurement quines cookies instal\u00b7la o no al dispositiu mitjan\u00e7ant el panell de configuraci\u00f3 habilitat. Aix\u00ed mateix, l&#8217;usuari pot decidir instal\u00b7lar o no les cookies al seu disc dur, aix\u00ed com la seva eliminaci\u00f3, seguint el procediment establert a la secci\u00f3 d&#8217;ajuda del seu navegador. L&#8217;usuari tamb\u00e9 pot configurar el seu navegador per acceptar o rebutjar per defecte totes les cookies o per rebre un av\u00eds en pantalla de la recepci\u00f3 de cada cookie i decidir en aquell moment la seva implantaci\u00f3 o no al seu disc dur. A continuaci\u00f3, li facilitem els enlla\u00e7os a informaci\u00f3 dels fabricants de dispositius i navegadors per a la gesti\u00f3 o desactivaci\u00f3 de cookies de la majoria dels navegadors:<\/p><p>Google posa a disposici\u00f3 dels usuaris una eina que permet configurar la informaci\u00f3 que s&#8217;envia des dels principals navegadors a Google Analytics; es pot descarregar l&#8217;eina des del seg\u00fcent enlla\u00e7\u00a0<a href=\"https:\/\/tools.google.com\/dlpage\/gaoptout\">https:\/\/tools.google.com\/dlpage\/gaoptout<\/a><\/p><ul><li>Per <strong>Internet Explorer<\/strong>: a l&#8217;opci\u00f3 de men\u00fa: Eines &gt; Opcions d&#8217;Internet &gt; Privadesa &gt; Configuraci\u00f3. Per a m\u00e9s informaci\u00f3, visiti el seg\u00fcent enlla\u00e7:\u00a0<a href=\"https:\/\/support.microsoft.com\/es-es\/help\/17442\/windows-internet-explorer-delete-manage-cookies\">https:\/\/support.microsoft.com\/es-es\/help\/17442\/windows-internet-explorer-delete-manage-cookies<\/a><\/li><li>Per <strong>Google Chrome<\/strong>: a Opcions &gt; Opcions avan\u00e7ades &gt; Privadesa &gt; Cookies. Per a m\u00e9s informaci\u00f3, visiti el seg\u00fcent enlla\u00e7:\u00a0<a href=\"https:\/\/support.google.com\/chrome\/answer\/95647?hl=es\">https:\/\/support.google.com\/chrome\/answer\/95647?hl=es<\/a><\/li><li>Per\u00a0<strong>Mozilla Firefox<\/strong>:\u00a0a l&#8217;opci\u00f3 de men\u00fa: Eines &gt; Opcions &gt; Privadesa &gt; Cookies. Per a m\u00e9s informaci\u00f3, visiti els seg\u00fcents enlla\u00e7os:\u00a0<a href=\"https:\/\/support.mozilla.org\/es\/kb\/Borrar%20cookies\">https:\/\/support.mozilla.org\/es\/kb\/Borrar%20cookies<\/a>\u00a0i\u00a0<a href=\"https:\/\/support.mozilla.org\/es\/kb\/habilitar-y-deshabilitar-cookies-sitios-web-rastrear-preferencias?redirectlocale=es&amp;amp;amp;redirectslug=habilitar-y-deshabilitar-cookies-que-los-sitios-we\">https:\/\/support.mozilla.org\/es\/kb\/habilitar-y-deshabilitar-cookies-sitios-web-rastrear-preferencias?redirectlocale=es&amp;redirectslug=habilitar-y-deshabilitar-cookies-que-los-sitios-we<\/a><\/li><li>Per\u00a0<strong>Safari (IOS 8)<\/strong>:\u00a0a Ajustaments &gt; Safari &gt; Bloquejar cookies. Per a m\u00e9s informaci\u00f3, visiti el seg\u00fcent enlla\u00e7:\u00a0<a href=\"http:\/\/support.apple.com\/kb\/HT1677?viewlocale=es_ES\">http:\/\/support.apple.com\/kb\/HT1677?viewlocale=es_ES<\/a><\/li><li>Per\u00a0<strong>Opera<\/strong>:\u00a0a Ajustaments &gt; Avan\u00e7at &gt; Privadesa i seguretat &gt; Ajustaments de contingut &gt; Cookies. Per a m\u00e9s informaci\u00f3, visiti el seg\u00fcent enlla\u00e7:\u00a0<a href=\"https:\/\/help.opera.com\/en\/latest\/web-preferences\/#cookies\">https:\/\/help.opera.com\/en\/latest\/web-preferences\/#cookies<\/a><\/li><\/ul><p>El fet que l&#8217;usuari configuri el seu navegador per rebutjar totes les cookies o expressament les nostres cookies pot suposar que no sigui possible accedir a alguns dels serveis i que la seva experi\u00e8ncia a la nostra web pugui resultar menys satisfact\u00f2ria. Si desitja tenir m\u00e9s control sobre la instal\u00b7laci\u00f3 de cookies, pot instal\u00b7lar programes o complements al seu navegador, coneguts com a eines de \u201c<em>Do Not Track<\/em>\u201d, que li permetran escollir les cookies que vol permetre.<\/p>\t\t\t\t\t\t\t\t<\/div>\n\t\t\t\t<div class=\"elementor-element elementor-element-b4a2cf9 elementor-widget__width-initial elementor-widget elementor-widget-heading\" data-id=\"b4a2cf9\" data-element_type=\"widget\" data-e-type=\"widget\" data-settings=\"{&quot;_animation&quot;:&quot;none&quot;}\" data-widget_type=\"heading.default\">\n\t\t\t\t\t<h2 class=\"elementor-heading-title elementor-size-default\">Com pot exercir els seus drets?<\/h2>\t\t\t\t<\/div>\n\t\t\t\t<div class=\"elementor-element elementor-element-1566fa9 elementor-widget__width-initial elementor-widget elementor-widget-text-editor\" data-id=\"1566fa9\" data-element_type=\"widget\" data-e-type=\"widget\" data-widget_type=\"text-editor.default\">\n\t\t\t\t\t\t\t\t\t<p>Si vol saber com exercir els seus drets d&#8217;acc\u00e9s a les seves dades personals, sol\u00b7licitar la rectificaci\u00f3 de dades inexactes, sol\u00b7licitar-ne l&#8217;esborrament, limitar el tractament, oposar-se, sol\u00b7licitar la portabilitat de les dades i no estar subjecte a una decisi\u00f3 basada \u00fanicament en decisions automatitzades, visiti la nostra\u00a0<a href=\"https:\/\/comunidad.yosoyvegetal.com\/ca\/politica-de-privacitat\/\">Pol\u00edtica de Privadesa<\/a>.<\/p><p>LIQUATS VEGETALS, S.A. es reserva el dret a modificar aquesta Pol\u00edtica de Cookies per adaptar-la a la futura legislaci\u00f3 i\/o jurisprud\u00e8ncia aplicable, aix\u00ed com als futurs usos de les dades personals de l&#8217;usuari al Lloc Web. En qualsevol cas, els usuaris seran informats pr\u00e8viament dels canvis en aquesta pol\u00edtica. Per tant, es recomana a l&#8217;usuari que procedeixi a llegir la Pol\u00edtica de Cookies cada cop que accedeixi al Lloc Web.<\/p><p><strong>Per a qualsevol dubte o consulta sobre aquesta Pol\u00edtica de Cookies, contacti amb nosaltres enviant un correu electr\u00f2nic a\u00a0<\/strong><a href=\"mailto:legal@liquats.com\">legal@liquats.com<\/a><\/p>\t\t\t\t\t\t\t\t<\/div>\n\t\t\t\t\t<\/div>\n\t\t\t\t<\/div>\n\t\t\t\t<\/div>\n\t\t<div class=\"elementor-element elementor-element-0e989ff elementor-hidden-desktop elementor-hidden-tablet elementor-hidden-mobile e-flex e-con-boxed e-con e-parent\" data-id=\"0e989ff\" data-element_type=\"container\" data-e-type=\"container\">\n\t\t\t\t\t<div class=\"e-con-inner\">\n\t\t\t\t<div class=\"elementor-element elementor-element-0815547 elementor-widget elementor-widget-html\" data-id=\"0815547\" data-element_type=\"widget\" data-e-type=\"widget\" data-widget_type=\"html.default\">\n\t\t\t\t\t<style>\n    \n\n\n\n    :root{\n      --bg: #fbf0e8;\n      --card: #fff4ee;\n      --accent: #f4a300; \/* color de las vi\u00f1etas *\/\n      --text: #111;\n      --max-width: 800px;\n      --gap: 14px;\n      --bullet-size: 13px;\n      \n    }  ul.rules{\n      list-style: none;\n      padding: 0;\n      margin: 0;\n    }\n\n    ul.rules li{\n      position: relative;\n      padding-left: 34px;\n      margin-bottom: var(--gap);\n      \n    }\n\n    \/* vi\u00f1eta personalizada (c\u00edrculo naranja) *\/\n    ul.rules li::before{\n      content: \"\";\n      position: absolute;\n      left: 0;\n      top: 0.6em;\n      transform: translateY(-50%);\n      width: var(--bullet-size);\n      height: var(--bullet-size);\n      border-radius: 50%;\n      background: var(--accent);\n      box-shadow: 0 0 0 4px rgba(244,163,0,0.04);\n    }\n\n    \/* poner \"Ver lista.\" subrayado como enlace *\/\n    .verlista{\n      text-decoration: underline;\n      cursor: pointer;\n      color: inherit;\n    }\n\n    \/* peque\u00f1o ajuste para dispositivos estrechos *\/\n    @media (max-width:480px){\n      .container{ padding: 20px; margin: 12px; }\n      ul.rules li{ font-size: 15px; padding-left: 24px; }\n    }\n    \n     @media only screen and (max-width: 1024px) {\n    .yosoy-results-actions,.yosoy-manual-actions {\n    \n    flex-direction: row ! IMPORTANT;\n}\n         form#yosoy-manual-ticket-form .yosoy-form-row {\n  \n    max-width: 881px;\n}\n         \n     }\n     @media (max-width: 768px) {\n    .yosoy-success-icon {\n        width: unset;\n        height: unset;\n        font-size: 36px;\n    } }\n    @media only screen and (max-width: 766px) {\n\t\n    .yosoy-upload-box h3, .yosoy-manual-intro p {\n    font-size: 29px ! IMPORTANT;\n    line-height: 1;\n    max-width: 85%;\n}\n.elementor-element.elementor-element-d5d6366.e-con-full.e-flex.e-con.e-child {\n    padding: 0;\n}.yosoy-upload-box {\n    padding: 0;\n}.elementor-element.elementor-element-09e743a.elementor-widget__width-initial.elementor-widget.elementor-widget-shortcode.animated.fadeIn {\n    padding: 0;\n}.yosoy-file-upload-area span.yosoy-file-format-text {\n    \n    font-size: 10px;\n\n}#file-upload-mode > div > label {\n    \n    font-size: 12px !important;\n}    .yosoy-upload-ticket-container {\n        padding: 0;\n    }\n  \n:root {\n    \n    --bullet-size: 9px;\n}\n.yosoy-results-header p {\n   \n    font-size: 19px ! IMPORTANT;\n    line-height: 26px ! IMPORTANT;\n    max-width: 100%;\n}\n.yosoy-history-table tbody td, .yosoy-products-table tbody td {\n    font-family: \"Recoleta Bold\", Sans-serif;\n    font-size: 15px;\n    color: #000000 !important;\n    padding: 7px 19px;\n}.yosoy-history-table thead th, .yosoy-products-table thead th {\n    font-family: \"Midnight Sans RD Pro heavy\", Sans-serif;\n    font-size: 18px;\n    padding: 15px 29px 3px 29px;\n}.yosoy-results-header {\n    margin-bottom: -8px;\n}\n.yosoy-modal-content {\n    padding: 28px 28px !important;\n    background: white;\n    border-radius: 170px;\n    text-align: left;\n    display: flex;\n    align-items: center;\n    gap: 0;\n    flex-direction: row;\n}.yosoy-modal-content.yosoy-error img {\n    max-width: 101px ! IMPORTANT;\n}.yosoy-modal-content p {\n    line-height: 1;\n    color: #000;\n    margin: 0;\n    font-weight: 400;\n    font-family: \"Recoleta Bold\", sans-serif;\n    font-size: 26px;\n    color: black;\n    font-weight: normal;\n}form#yosoy-manual-ticket-form .yosoy-form-row {\n    display: flex !important;\n    gap: 26px !important;\n    flex-direction: column;\n}.yosoy-form-group.yosoy-form-col-product,.yosoy-form-group.yosoy-form-col-quantity,.yosoy-price-input-wrapper,.yosoy-form-group.yosoy-form-col-price {\n    width: 100%;\n}.yosoy-modal-content .yosoy-modal-icon img {\n    max-width: 113px !important;\n}    .yosoy-modal-content p {\n        line-height: 1;\n        color: #000;\n        margin: 0;\n        font-weight: 400;\n        font-family: \"Recoleta Bold\", sans-serif;\n        font-size: 20px;\n        color: black;\n        font-weight: normal;\n    }    .yosoy-modal-content {\n        padding: 19px 28px !important;\n        background: white;\n        border-radius: 32px;\n        text-align: left;\n        display: flex;\n        align-items: center;\n        gap: 0;\n        flex-direction: row;\n    }.yosoy-modal {\n    max-width: 718px;\n    width: 97%;\n    border-radius: 18px;\n}\n\n.cashback span {\n    font-family: \"recoleta black\", Sans-serif;\n    font-size: 32px;\n    line-height: 1;\n}\n        \n        .yosoy-payment-methods {\n    gap: 42px;\n    margin-bottom: 20px;\n    padding-right: 37px;\n    padding-left: 37px;\n}span.radio-label {\n    \/* font-family: \"Recoleta medium\", Sans-serif; *\/\n    font-size: 16px ! IMPORTANT;\n    \/* font-weight: 600 !IMPORTANT; *\/\n}\n      div#cashback-success-message .yosoy-success-header {\n    padding: 28px 22px;\n    border-radius: 28px;\n    gap: 0;\n    flex-direction: row;\n}      \n\n\ndiv#cashback-success-message .yosoy-success-icon img {\n    max-width: 127px !important;\n}div#cashback-success-message .yosoy-success-header p {\n    font-family: \"Recoleta Bold\", sans-serif;\n    font-size: 23px;\n    color: black;\n    font-weight: normal;\n    margin: 0;\n    line-height: 1;\n}\n    }\n<\/style>\t\t\t\t<\/div>\n\t\t\t\t\t<\/div>\n\t\t\t\t<\/div>\n\t\t\t\t<\/div>\n\t\t","protected":false},"excerpt":{"rendered":"<p>Pol\u00edtica de Cookies LIQUATS VEGETALS, S.A. utilitza diferents cookies durant la navegaci\u00f3 pel seu Lloc Web. Per con\u00e8ixer tota la informaci\u00f3 relativa a la nostra Pol\u00edtica de Cookies, consulti els apartats que trobar\u00e0 a continuaci\u00f3: Qu\u00e8 \u00e9s una cookie? Les cookies s\u00f3n fitxers de text que contenen petites quantitats d&#8217;informaci\u00f3 que es descarreguen i instal\u00b7len&#8230;<\/p>\n","protected":false},"author":1,"featured_media":0,"parent":0,"menu_order":0,"comment_status":"closed","ping_status":"closed","template":"elementor_header_footer","meta":{"inline_featured_image":false,"_kad_post_transparent":"","_kad_post_title":"","_kad_post_layout":"","_kad_post_sidebar_id":"","_kad_post_content_style":"","_kad_post_vertical_padding":"","_kad_post_feature":"","_kad_post_feature_position":"","_kad_post_header":false,"_kad_post_footer":false,"_kad_post_classname":"","footnotes":""},"class_list":["post-5290","page","type-page","status-publish","hentry"],"_links":{"self":[{"href":"https:\/\/comunidad.yosoyvegetal.com\/ca\/wp-json\/wp\/v2\/pages\/5290","targetHints":{"allow":["GET"]}}],"collection":[{"href":"https:\/\/comunidad.yosoyvegetal.com\/ca\/wp-json\/wp\/v2\/pages"}],"about":[{"href":"https:\/\/comunidad.yosoyvegetal.com\/ca\/wp-json\/wp\/v2\/types\/page"}],"author":[{"embeddable":true,"href":"https:\/\/comunidad.yosoyvegetal.com\/ca\/wp-json\/wp\/v2\/users\/1"}],"replies":[{"embeddable":true,"href":"https:\/\/comunidad.yosoyvegetal.com\/ca\/wp-json\/wp\/v2\/comments?post=5290"}],"version-history":[{"count":7,"href":"https:\/\/comunidad.yosoyvegetal.com\/ca\/wp-json\/wp\/v2\/pages\/5290\/revisions"}],"predecessor-version":[{"id":5322,"href":"https:\/\/comunidad.yosoyvegetal.com\/ca\/wp-json\/wp\/v2\/pages\/5290\/revisions\/5322"}],"wp:attachment":[{"href":"https:\/\/comunidad.yosoyvegetal.com\/ca\/wp-json\/wp\/v2\/media?parent=5290"}],"curies":[{"name":"wp","href":"https:\/\/api.w.org\/{rel}","templated":true}]}}