{"id":5267,"date":"2025-12-04T18:09:24","date_gmt":"2025-12-04T17:09:24","guid":{"rendered":"https:\/\/comunidad.yosoyvegetal.com\/terminos-y-condiciones\/"},"modified":"2026-02-02T14:57:06","modified_gmt":"2026-02-02T13:57:06","slug":"termes-i-condicions","status":"publish","type":"page","link":"https:\/\/comunidad.yosoyvegetal.com\/ca\/termes-i-condicions\/","title":{"rendered":"Termes i Condicions"},"content":{"rendered":"\t\t<div data-elementor-type=\"wp-page\" data-elementor-id=\"5267\" class=\"elementor elementor-5267 elementor-4596\" data-elementor-post-type=\"page\">\n\t\t\t\t<div class=\"elementor-element elementor-element-2b85074 e-con-full e-flex e-con e-parent\" data-id=\"2b85074\" data-element_type=\"container\" data-e-type=\"container\" data-settings=\"{&quot;background_background&quot;:&quot;classic&quot;}\">\n\t\t<div class=\"elementor-element elementor-element-2ab8b60 e-flex e-con-boxed e-con e-child\" data-id=\"2ab8b60\" data-element_type=\"container\" data-e-type=\"container\" data-settings=\"{&quot;background_background&quot;:&quot;classic&quot;}\">\n\t\t\t\t\t<div class=\"e-con-inner\">\n\t\t<div class=\"elementor-element elementor-element-0d9c0c4 e-con-full e-flex elementor-invisible e-con e-child\" data-id=\"0d9c0c4\" data-element_type=\"container\" data-e-type=\"container\" data-settings=\"{&quot;animation&quot;:&quot;fadeIn&quot;,&quot;animation_delay&quot;:200}\">\n\t\t\t\t<div class=\"elementor-element elementor-element-650f948 elementor-widget__width-initial elementor-widget elementor-widget-heading\" data-id=\"650f948\" data-element_type=\"widget\" data-e-type=\"widget\" data-settings=\"{&quot;_animation&quot;:&quot;none&quot;}\" data-widget_type=\"heading.default\">\n\t\t\t\t\t<h2 class=\"elementor-heading-title elementor-size-default\">Termes i Condicions<\/h2>\t\t\t\t<\/div>\n\t\t\t\t<\/div>\n\t\t\t\t\t<\/div>\n\t\t\t\t<\/div>\n\t\t\t\t<\/div>\n\t\t<div class=\"elementor-element elementor-element-a84530d e-con-full e-flex e-con e-parent\" data-id=\"a84530d\" data-element_type=\"container\" data-e-type=\"container\" id=\"nuevotiquet\" data-settings=\"{&quot;background_background&quot;:&quot;classic&quot;}\">\n\t\t<div class=\"elementor-element elementor-element-5838ce5 e-flex e-con-boxed e-con e-child\" data-id=\"5838ce5\" data-element_type=\"container\" data-e-type=\"container\" data-settings=\"{&quot;background_background&quot;:&quot;classic&quot;}\">\n\t\t\t\t\t<div class=\"e-con-inner\">\n\t\t\t\t<div class=\"elementor-element elementor-element-b120a52 elementor-widget__width-initial elementor-widget elementor-widget-text-editor\" data-id=\"b120a52\" data-element_type=\"widget\" data-e-type=\"widget\" data-widget_type=\"text-editor.default\">\n\t\t\t\t\t\t\t\t\t<p><strong>LIQUATS VEGETALS, S.A.<\/strong>, amb n\u00famero d&#8217;identificaci\u00f3 fiscal A-17309329, \u00e9s una societat de dret espanyol, inscrita al Registre Mercantil de Girona, volum 129, foli 190, full GI-2325. L&#8217;empresa \u00e9s titular del nom de domini\u00a0<a href=\"https:\/\/yosoyvegetal.com\/\">https:\/\/yosoyvegetal.com\/<\/a>\u00a0(d&#8217;ara endavant i conjuntament, el &#8220;<strong>Lloc Web<\/strong>\u201d).<\/p><p><strong>Adre\u00e7a:<\/strong> Carretera de Vic, 1, 23 km (17406) Viladrau \u2013 Girona.<\/p><p><strong>Tel\u00e8fon:<\/strong>\u00a0938 84 80 69.<\/p><p><strong>Correu electr\u00f2nic<\/strong>:\u00a0<a href=\"mailto:legal@liquats.com\">legal@liquats.com<\/a><\/p>\t\t\t\t\t\t\t\t<\/div>\n\t\t\t\t<div class=\"elementor-element elementor-element-efb78cb elementor-widget__width-initial elementor-widget elementor-widget-heading\" data-id=\"efb78cb\" data-element_type=\"widget\" data-e-type=\"widget\" data-settings=\"{&quot;_animation&quot;:&quot;none&quot;}\" data-widget_type=\"heading.default\">\n\t\t\t\t\t<h2 class=\"elementor-heading-title elementor-size-default\">1. CONDICIONS GENERALS D'\u00daS<\/h2>\t\t\t\t<\/div>\n\t\t\t\t<div class=\"elementor-element elementor-element-d4e716d elementor-widget__width-initial elementor-widget elementor-widget-text-editor\" data-id=\"d4e716d\" data-element_type=\"widget\" data-e-type=\"widget\" data-widget_type=\"text-editor.default\">\n\t\t\t\t\t\t\t\t\t<ul><li>L&#8217;Usuari accedeix volunt\u00e0riament a aquest Lloc Web, la qual cosa implica que l&#8217;utilitzar\u00e0 d&#8217;acord amb aquest av\u00eds legal, la llei, la moral, la bona fe i\/o els bons costums.<\/li><li>La utilitzaci\u00f3 d&#8217;aquest Lloc Web implica l&#8217;acceptaci\u00f3 d&#8217;aquest av\u00eds legal.<\/li><li>Les p\u00e0gines web d&#8217;aquest Lloc Web poden ser visitades lliurement pels usuaris i no requereixen subscripci\u00f3 pr\u00e8via ni registre d&#8217;usuari.<\/li><li>LIQUATS VEGETALS, S.A. es reserva el dret de modificar el contingut d&#8217;aquest av\u00eds legal sense previ av\u00eds. Per tant, per a una correcta utilitzaci\u00f3 del Lloc Web, li recomanem que visiti aquesta secci\u00f3 peri\u00f2dicament.<\/li><\/ul>\t\t\t\t\t\t\t\t<\/div>\n\t\t\t\t<div class=\"elementor-element elementor-element-8e66163 elementor-widget__width-initial elementor-widget elementor-widget-heading\" data-id=\"8e66163\" data-element_type=\"widget\" data-e-type=\"widget\" data-settings=\"{&quot;_animation&quot;:&quot;none&quot;}\" data-widget_type=\"heading.default\">\n\t\t\t\t\t<h2 class=\"elementor-heading-title elementor-size-default\">2. PROPIETAT INTEL\u00b7LECTUAL I INDUSTRIAL<\/h2>\t\t\t\t<\/div>\n\t\t\t\t<div class=\"elementor-element elementor-element-f89cb0b elementor-widget__width-initial elementor-widget elementor-widget-text-editor\" data-id=\"f89cb0b\" data-element_type=\"widget\" data-e-type=\"widget\" data-widget_type=\"text-editor.default\">\n\t\t\t\t\t\t\t\t\t<p>\u00a9 2018, LIQUATS VEGETALS, S.A. Tots els drets reservats.<\/p><ul><li>Aquest Lloc Web i el contingut que inclou (articles, textos, imatges, logotips, marques, botons, programari, etc.) estan protegits per la legislaci\u00f3 vigent en mat\u00e8ria de propietat industrial i intel\u00b7lectual i s\u00f3n propietat de LIQUATS VEGETALS, S.A. o de tercers que n&#8217;han autoritzat l&#8217;\u00fas per part de LIQUATS VEGETALS, S.A. L&#8217;\u00fas sense l&#8217;autoritzaci\u00f3 de LIQUATS VEGETALS, S.A. est\u00e0 expressament prohibit.<\/li><li>L&#8217;acc\u00e9s a aquest Lloc Web no implica, en cap cas, l&#8217;adquisici\u00f3 per part dels usuaris de cap dret de propietat sobre el seu contingut.<\/li><li>LIQUATS VEGETALS, S.A. es reserva el dret de modificar, actualitzar o suprimir qualsevol dels continguts d&#8217;aquest Lloc Web, en qualsevol moment i sense previ av\u00eds.<\/li><li>Es permet la creaci\u00f3 d&#8217;enlla\u00e7os (\u201clinks\u201d) a aquest Lloc Web, sempre que apuntin a la p\u00e0gina principal. Estan expressament prohibits els enlla\u00e7os profunds a altres p\u00e0gines (\u201c<em>deep link<\/em>\u201c), l&#8217;emmarcament (\u201c<em>framing<\/em>\u201c) i qualsevol altre tipus d&#8217;enlla\u00e7 no autoritzat. En aquest sentit, qualsevol persona que desitgi establir un \u201clink\u201d o enlla\u00e7 entre la seva p\u00e0gina web i aquest Lloc Web ha d&#8217;obtenir l&#8217;autoritzaci\u00f3 expressa i per escrit de LIQUATS VEGETALS, S.A. Aix\u00f2 no implica cap relaci\u00f3 entre LIQUATS VEGETALS, S.A. i el propietari de la p\u00e0gina amb qu\u00e8 s&#8217;estableix l&#8217;enlla\u00e7, ni l&#8217;aprovaci\u00f3 o l&#8217;acceptaci\u00f3 dels seus continguts o serveis per part de LIQUATS VEGETALS, S.A.<\/li><\/ul>\t\t\t\t\t\t\t\t<\/div>\n\t\t\t\t<div class=\"elementor-element elementor-element-428b1ea elementor-widget__width-initial elementor-widget elementor-widget-heading\" data-id=\"428b1ea\" data-element_type=\"widget\" data-e-type=\"widget\" data-settings=\"{&quot;_animation&quot;:&quot;none&quot;}\" data-widget_type=\"heading.default\">\n\t\t\t\t\t<h2 class=\"elementor-heading-title elementor-size-default\">3. LIMITACI\u00d3 DE LA RESPONSABILITAT<\/h2>\t\t\t\t<\/div>\n\t\t\t\t<div class=\"elementor-element elementor-element-dfccc6f elementor-widget__width-initial elementor-widget elementor-widget-text-editor\" data-id=\"dfccc6f\" data-element_type=\"widget\" data-e-type=\"widget\" data-widget_type=\"text-editor.default\">\n\t\t\t\t\t\t\t\t\t<ul><li>LIQUATS VEGETALS, S.A. es reserva el dret d&#8217;interrompre l&#8217;acc\u00e9s al seu Lloc Web, aix\u00ed com la prestaci\u00f3 de qualsevol servei a trav\u00e9s d&#8217;aquest, en qualsevol moment i sense previ av\u00eds, ja sigui per motius t\u00e8cnics, de seguretat, de manteniment o per qualsevol altra causa.<\/li><li>LIQUATS VEGETALS, S.A. no es fa responsable en cas d&#8217;interrupci\u00f3, retard o mal funcionament del servei i altres inconvenients que tinguin l&#8217;origen en causes que escapin del control de LIQUATS VEGETALS, S.A. i\/o siguin degudes a una actuaci\u00f3 dolosa o culpable de l&#8217;usuari i\/o per causes de for\u00e7a major.<\/li><li>La informaci\u00f3 continguda en aquest Lloc Web pot no ser correcta, malgrat els esfor\u00e7os realitzats per garantir-ne l&#8217;exactitud i l&#8217;actualitzaci\u00f3. En conseq\u00fc\u00e8ncia, LIQUATS VEGETALS, S.A. no accepta cap responsabilitat pels errors que contingui aquest Lloc Web, ni pels danys o perjudicis derivats del seu \u00fas.<\/li><li>Aquest Lloc Web pot contenir enlla\u00e7os a altres llocs web dels quals LIQUATS VEGETALS, S.A. no es fa responsable del seu contingut, utilitat o exactitud. La inclusi\u00f3 d&#8217;un enlla\u00e7 en aquest Lloc Web no es pot considerar una recomanaci\u00f3 als usuaris perqu\u00e8 en facin \u00fas; la decisi\u00f3 d&#8217;utilitzar-los \u00e9s responsabilitat dels mateixos usuaris.<\/li><li>LIQUATS VEGETALS, S.A. no es fa responsable de cap dany o perjudici derivat de l&#8217;\u00fas d&#8217;aquest Lloc Web o del seu contingut, i no garanteix l&#8217;abs\u00e8ncia de virus ni la impossibilitat de causar danys als sistemes inform\u00e0tics de l&#8217;usuari.<\/li><li>LIQUATS VEGETALS, S.A. no es fa responsable de cap \u00fas indegut d&#8217;aquest Lloc Web.<\/li><\/ul>\t\t\t\t\t\t\t\t<\/div>\n\t\t\t\t<div class=\"elementor-element elementor-element-d649ea5 elementor-widget__width-initial elementor-widget elementor-widget-heading\" data-id=\"d649ea5\" data-element_type=\"widget\" data-e-type=\"widget\" data-settings=\"{&quot;_animation&quot;:&quot;none&quot;}\" data-widget_type=\"heading.default\">\n\t\t\t\t\t<h2 class=\"elementor-heading-title elementor-size-default\">4. LEGISLACI\u00d3 APLICABLE I TRIBUNALS COMPETENTS<\/h2>\t\t\t\t<\/div>\n\t\t\t\t<div class=\"elementor-element elementor-element-757f13f elementor-widget__width-initial elementor-widget elementor-widget-text-editor\" data-id=\"757f13f\" data-element_type=\"widget\" data-e-type=\"widget\" data-widget_type=\"text-editor.default\">\n\t\t\t\t\t\t\t\t\t<p>Les condicions d&#8217;aquest Lloc Web i la relaci\u00f3 entre l&#8217;usuari i LIQUATS VEGETALS, S.A. es regiran per la llei i la jurisdicci\u00f3 espanyoles. Per a resoldre qualsevol discrep\u00e0ncia que pugui sorgir entre l&#8217;usuari i LIQUATS VEGETALS, S.A., ambdues parts se sotmeten als Jutjats i Tribunals de la ciutat de Girona (Espanya).<\/p><p>Resoluci\u00f3 de litigis en l\u00ednia en mat\u00e8ria de consum: En compliment de les disposicions del Reglament de la Uni\u00f3 Europea 524\/2013, de 21 de maig de 2013, sobre la resoluci\u00f3 de litigis en l\u00ednia en mat\u00e8ria de consum, l&#8217;informem que la Comissi\u00f3 Europea ha posat a la seva disposici\u00f3 una plataforma en l\u00ednia per a la resoluci\u00f3 extrajudicial de conflictes en l\u00ednia, que est\u00e0 disponible a l&#8217;enlla\u00e7 seg\u00fcent:\u00a0<a href=\"http:\/\/ec.europa.eu\/consumers\/odr\/\">http:\/\/ec.europa.eu\/consumers\/odr\/<\/a>. Aquesta plataforma pot no estar disponible per a tots els pa\u00efsos.<\/p><p><strong>Text actualitzat l&#8217;octubre de 2020.<\/strong><\/p>\t\t\t\t\t\t\t\t<\/div>\n\t\t\t\t\t<\/div>\n\t\t\t\t<\/div>\n\t\t\t\t<\/div>\n\t\t<div class=\"elementor-element elementor-element-0e989ff elementor-hidden-desktop elementor-hidden-tablet elementor-hidden-mobile e-flex e-con-boxed e-con e-parent\" data-id=\"0e989ff\" data-element_type=\"container\" data-e-type=\"container\">\n\t\t\t\t\t<div class=\"e-con-inner\">\n\t\t\t\t<div class=\"elementor-element elementor-element-0815547 elementor-widget elementor-widget-html\" data-id=\"0815547\" data-element_type=\"widget\" data-e-type=\"widget\" data-widget_type=\"html.default\">\n\t\t\t\t\t<style>\n    \n\n\n\n    :root{\n      --bg: #fbf0e8;\n      --card: #fff4ee;\n      --accent: #f4a300; \/* color de las vi\u00f1etas *\/\n      --text: #111;\n      --max-width: 800px;\n      --gap: 14px;\n      --bullet-size: 13px;\n      \n    }  ul.rules{\n      list-style: none;\n      padding: 0;\n      margin: 0;\n    }\n\n    ul.rules li{\n      position: relative;\n      padding-left: 34px;\n      margin-bottom: var(--gap);\n      \n    }\n\n    \/* vi\u00f1eta personalizada (c\u00edrculo naranja) *\/\n    ul.rules li::before{\n      content: \"\";\n      position: absolute;\n      left: 0;\n      top: 0.6em;\n      transform: translateY(-50%);\n      width: var(--bullet-size);\n      height: var(--bullet-size);\n      border-radius: 50%;\n      background: var(--accent);\n      box-shadow: 0 0 0 4px rgba(244,163,0,0.04);\n    }\n\n    \/* poner \"Ver lista.\" subrayado como enlace *\/\n    .verlista{\n      text-decoration: underline;\n      cursor: pointer;\n      color: inherit;\n    }\n\n    \/* peque\u00f1o ajuste para dispositivos estrechos *\/\n    @media (max-width:480px){\n      .container{ padding: 20px; margin: 12px; }\n      ul.rules li{ font-size: 15px; padding-left: 24px; }\n    }\n    \n     @media only screen and (max-width: 1024px) {\n    .yosoy-results-actions,.yosoy-manual-actions {\n    \n    flex-direction: row ! IMPORTANT;\n}\n         form#yosoy-manual-ticket-form .yosoy-form-row {\n  \n    max-width: 881px;\n}\n         \n     }\n     @media (max-width: 768px) {\n    .yosoy-success-icon {\n        width: unset;\n        height: unset;\n        font-size: 36px;\n    } }\n    @media only screen and (max-width: 766px) {\n\t\n    .yosoy-upload-box h3, .yosoy-manual-intro p {\n    font-size: 29px ! IMPORTANT;\n    line-height: 1;\n    max-width: 85%;\n}\n.elementor-element.elementor-element-d5d6366.e-con-full.e-flex.e-con.e-child {\n    padding: 0;\n}.yosoy-upload-box {\n    padding: 0;\n}.elementor-element.elementor-element-09e743a.elementor-widget__width-initial.elementor-widget.elementor-widget-shortcode.animated.fadeIn {\n    padding: 0;\n}.yosoy-file-upload-area span.yosoy-file-format-text {\n    \n    font-size: 10px;\n\n}#file-upload-mode > div > label {\n    \n    font-size: 12px !important;\n}    .yosoy-upload-ticket-container {\n        padding: 0;\n    }\n  \n:root {\n    \n    --bullet-size: 9px;\n}\n.yosoy-results-header p {\n   \n    font-size: 19px ! IMPORTANT;\n    line-height: 26px ! IMPORTANT;\n    max-width: 100%;\n}\n.yosoy-history-table tbody td, .yosoy-products-table tbody td {\n    font-family: \"Recoleta Bold\", Sans-serif;\n    font-size: 15px;\n    color: #000000 !important;\n    padding: 7px 19px;\n}.yosoy-history-table thead th, .yosoy-products-table thead th {\n    font-family: \"Midnight Sans RD Pro heavy\", Sans-serif;\n    font-size: 18px;\n    padding: 15px 29px 3px 29px;\n}.yosoy-results-header {\n    margin-bottom: -8px;\n}\n.yosoy-modal-content {\n    padding: 28px 28px !important;\n    background: white;\n    border-radius: 170px;\n    text-align: left;\n    display: flex;\n    align-items: center;\n    gap: 0;\n    flex-direction: row;\n}.yosoy-modal-content.yosoy-error img {\n    max-width: 101px ! IMPORTANT;\n}.yosoy-modal-content p {\n    line-height: 1;\n    color: #000;\n    margin: 0;\n    font-weight: 400;\n    font-family: \"Recoleta Bold\", sans-serif;\n    font-size: 26px;\n    color: black;\n    font-weight: normal;\n}form#yosoy-manual-ticket-form .yosoy-form-row {\n    display: flex !important;\n    gap: 26px !important;\n    flex-direction: column;\n}.yosoy-form-group.yosoy-form-col-product,.yosoy-form-group.yosoy-form-col-quantity,.yosoy-price-input-wrapper,.yosoy-form-group.yosoy-form-col-price {\n    width: 100%;\n}.yosoy-modal-content .yosoy-modal-icon img {\n    max-width: 113px !important;\n}    .yosoy-modal-content p {\n        line-height: 1;\n        color: #000;\n        margin: 0;\n        font-weight: 400;\n        font-family: \"Recoleta Bold\", sans-serif;\n        font-size: 20px;\n        color: black;\n        font-weight: normal;\n    }    .yosoy-modal-content {\n        padding: 19px 28px !important;\n        background: white;\n        border-radius: 32px;\n        text-align: left;\n        display: flex;\n        align-items: center;\n        gap: 0;\n        flex-direction: row;\n    }.yosoy-modal {\n    max-width: 718px;\n    width: 97%;\n    border-radius: 18px;\n}\n\n.cashback span {\n    font-family: \"recoleta black\", Sans-serif;\n    font-size: 32px;\n    line-height: 1;\n}\n        \n        .yosoy-payment-methods {\n    gap: 42px;\n    margin-bottom: 20px;\n    padding-right: 37px;\n    padding-left: 37px;\n}span.radio-label {\n    \/* font-family: \"Recoleta medium\", Sans-serif; *\/\n    font-size: 16px ! IMPORTANT;\n    \/* font-weight: 600 !IMPORTANT; *\/\n}\n      div#cashback-success-message .yosoy-success-header {\n    padding: 28px 22px;\n    border-radius: 28px;\n    gap: 0;\n    flex-direction: row;\n}      \n\n\ndiv#cashback-success-message .yosoy-success-icon img {\n    max-width: 127px !important;\n}div#cashback-success-message .yosoy-success-header p {\n    font-family: \"Recoleta Bold\", sans-serif;\n    font-size: 23px;\n    color: black;\n    font-weight: normal;\n    margin: 0;\n    line-height: 1;\n}\n    }\n<\/style>\t\t\t\t<\/div>\n\t\t\t\t\t<\/div>\n\t\t\t\t<\/div>\n\t\t\t\t<\/div>\n\t\t","protected":false},"excerpt":{"rendered":"<p>Termes i Condicions LIQUATS VEGETALS, S.A., amb n\u00famero d&#8217;identificaci\u00f3 fiscal A-17309329, \u00e9s una societat de dret espanyol, inscrita al Registre Mercantil de Girona, volum 129, foli 190, full GI-2325. L&#8217;empresa \u00e9s titular del nom de domini\u00a0https:\/\/yosoyvegetal.com\/\u00a0(d&#8217;ara endavant i conjuntament, el &#8220;Lloc Web\u201d). Adre\u00e7a: Carretera de Vic, 1, 23 km (17406) Viladrau \u2013 Girona. Tel\u00e8fon:\u00a0938 84&#8230;<\/p>\n","protected":false},"author":1,"featured_media":0,"parent":0,"menu_order":0,"comment_status":"closed","ping_status":"closed","template":"elementor_header_footer","meta":{"inline_featured_image":false,"_kad_post_transparent":"","_kad_post_title":"","_kad_post_layout":"","_kad_post_sidebar_id":"","_kad_post_content_style":"","_kad_post_vertical_padding":"","_kad_post_feature":"","_kad_post_feature_position":"","_kad_post_header":false,"_kad_post_footer":false,"_kad_post_classname":"","footnotes":""},"class_list":["post-5267","page","type-page","status-publish","hentry"],"_links":{"self":[{"href":"https:\/\/comunidad.yosoyvegetal.com\/ca\/wp-json\/wp\/v2\/pages\/5267","targetHints":{"allow":["GET"]}}],"collection":[{"href":"https:\/\/comunidad.yosoyvegetal.com\/ca\/wp-json\/wp\/v2\/pages"}],"about":[{"href":"https:\/\/comunidad.yosoyvegetal.com\/ca\/wp-json\/wp\/v2\/types\/page"}],"author":[{"embeddable":true,"href":"https:\/\/comunidad.yosoyvegetal.com\/ca\/wp-json\/wp\/v2\/users\/1"}],"replies":[{"embeddable":true,"href":"https:\/\/comunidad.yosoyvegetal.com\/ca\/wp-json\/wp\/v2\/comments?post=5267"}],"version-history":[{"count":7,"href":"https:\/\/comunidad.yosoyvegetal.com\/ca\/wp-json\/wp\/v2\/pages\/5267\/revisions"}],"predecessor-version":[{"id":5318,"href":"https:\/\/comunidad.yosoyvegetal.com\/ca\/wp-json\/wp\/v2\/pages\/5267\/revisions\/5318"}],"wp:attachment":[{"href":"https:\/\/comunidad.yosoyvegetal.com\/ca\/wp-json\/wp\/v2\/media?parent=5267"}],"curies":[{"name":"wp","href":"https:\/\/api.w.org\/{rel}","templated":true}]}}