{"id":5221,"date":"2025-11-26T16:26:17","date_gmt":"2025-11-26T15:26:17","guid":{"rendered":"https:\/\/comunidad.yosoyvegetal.com\/recuperar-contrasena\/"},"modified":"2026-02-04T16:26:00","modified_gmt":"2026-02-04T15:26:00","slug":"recuperar-contrasenya","status":"publish","type":"page","link":"https:\/\/comunidad.yosoyvegetal.com\/ca\/recuperar-contrasenya\/","title":{"rendered":"Recuperar Contrasenya"},"content":{"rendered":"\t\t<div data-elementor-type=\"wp-page\" data-elementor-id=\"5221\" class=\"elementor elementor-5221 elementor-1707\" data-elementor-post-type=\"page\">\n\t\t\t\t<div class=\"elementor-element elementor-element-b8b7f0b e-flex e-con-boxed e-con e-parent\" data-id=\"b8b7f0b\" data-element_type=\"container\" data-e-type=\"container\" data-settings=\"{&quot;background_background&quot;:&quot;classic&quot;}\">\n\t\t\t\t\t<div class=\"e-con-inner\">\n\t\t\t\t<div class=\"elementor-element elementor-element-b9be0bd elementor-widget elementor-widget-image\" data-id=\"b9be0bd\" data-element_type=\"widget\" data-e-type=\"widget\" data-widget_type=\"image.default\">\n\t\t\t\t\t\t\t\t\t\t\t\t\t\t\t<img fetchpriority=\"high\" decoding=\"async\" width=\"1024\" height=\"1024\" src=\"https:\/\/comunidad.yosoyvegetal.com\/wp-content\/uploads\/2026\/02\/logo-cat.svg\" class=\"attachment-large size-large wp-image-5400\" alt=\"\" \/>\t\t\t\t\t\t\t\t\t\t\t\t\t\t\t<\/div>\n\t\t<div class=\"elementor-element elementor-element-8b94bf1 e-con-full e-flex e-con e-child\" data-id=\"8b94bf1\" data-element_type=\"container\" data-e-type=\"container\">\n\t\t\t\t<div class=\"elementor-element elementor-element-e40095a elementor-position-inline-start elementor-widget__width-initial elementor-hidden-desktop elementor-hidden-tablet elementor-hidden-mobile elementor-view-default elementor-mobile-position-block-start elementor-widget elementor-widget-icon-box\" data-id=\"e40095a\" data-element_type=\"widget\" data-e-type=\"widget\" data-widget_type=\"icon-box.default\">\n\t\t\t\t\t\t\t<div class=\"elementor-icon-box-wrapper\">\n\n\t\t\t\t\t\t<div class=\"elementor-icon-box-icon\">\n\t\t\t\t<span  class=\"elementor-icon\">\n\t\t\t\t<svg xmlns=\"http:\/\/www.w3.org\/2000\/svg\" width=\"19\" height=\"19\" viewBox=\"0 0 19 19\" fill=\"none\"><circle cx=\"9.5\" cy=\"9.5\" r=\"8.5\" stroke=\"black\" stroke-width=\"2\"><\/circle><\/svg>\t\t\t\t<\/span>\n\t\t\t<\/div>\n\t\t\t\n\t\t\t\t\t\t<div class=\"elementor-icon-box-content\">\n\n\t\t\t\t\t\t\t\t\t<h3 class=\"elementor-icon-box-title\">\n\t\t\t\t\t\t<span  >\n\t\t\t\t\t\t\t\u00bfEres nuevo por aqu\u00ed? <a href=\"https:\/\/comunidad.yosoyvegetal.com\/registro\/\" class=\"registro\">Crea tu cuenta.<\/a>\t\t\t\t\t\t<\/span>\n\t\t\t\t\t<\/h3>\n\t\t\t\t\n\t\t\t\t\n\t\t\t<\/div>\n\t\t\t\n\t\t<\/div>\n\t\t\t\t\t\t<\/div>\n\t\t\t\t<div class=\"elementor-element elementor-element-9b0661e elementor-position-inline-start elementor-widget__width-initial elementor-hidden-desktop elementor-hidden-tablet elementor-hidden-mobile elementor-view-default elementor-mobile-position-block-start elementor-widget elementor-widget-icon-box\" data-id=\"9b0661e\" data-element_type=\"widget\" data-e-type=\"widget\" data-widget_type=\"icon-box.default\">\n\t\t\t\t\t\t\t<div class=\"elementor-icon-box-wrapper\">\n\n\t\t\t\t\t\t<div class=\"elementor-icon-box-icon\">\n\t\t\t\t<span  class=\"elementor-icon\">\n\t\t\t\t<svg xmlns=\"http:\/\/www.w3.org\/2000\/svg\" width=\"19\" height=\"19\" viewBox=\"0 0 19 19\" fill=\"none\"><circle cx=\"9.5\" cy=\"9.5\" r=\"8.5\" stroke=\"black\" stroke-width=\"2\"><\/circle><\/svg>\t\t\t\t<\/span>\n\t\t\t<\/div>\n\t\t\t\n\t\t\t\t\t\t<div class=\"elementor-icon-box-content\">\n\n\t\t\t\t\t\t\t\t\t<h3 class=\"elementor-icon-box-title\">\n\t\t\t\t\t\t<span  >\n\t\t\t\t\t\t\t\u00bfYa recibes nuestros e-mails? Primero, <a href=\"https:\/\/comunidad.yosoyvegetal.com\/registro\/\" class=\"registro\">reg\u00edstrate.<\/a>\t\t\t\t\t\t<\/span>\n\t\t\t\t\t<\/h3>\n\t\t\t\t\n\t\t\t\t\n\t\t\t<\/div>\n\t\t\t\n\t\t<\/div>\n\t\t\t\t\t\t<\/div>\n\t\t\t\t<div class=\"elementor-element elementor-element-f4b5fb1 elementor-widget__width-initial elementor-widget elementor-widget-shortcode\" data-id=\"f4b5fb1\" data-element_type=\"widget\" data-e-type=\"widget\" data-widget_type=\"shortcode.default\">\n\t\t\t\t\t\t\t<div class=\"elementor-shortcode\">\r\n<div class=\"yosoy-login-container\">\r\n    <div class=\"yosoy-login-box\">\r\n        <div class=\"yosoy-logo\">\r\n            <h1>YoSoy Fidelity Program<\/h1>\r\n        <\/div>\r\n\r\n                    <form id=\"yosoy-forgot-password-form\" class=\"yosoy-form\" novalidate>\r\n                <h2>Recuperar Contrasenya<\/h2>\r\n\r\n                <p class=\"yosoy-form-description\">\r\n                    Introdueix el teu correu electr\u00f2nic i t'enviarem instruccions per recuperar la contrasenya.                <\/p>\r\n                \r\n                <div id=\"yosoy-forgot-message\"><\/div>\r\n\r\n                <div class=\"yosoy-form-group\">\r\n                    <label for=\"email\">Email<\/label>\r\n                    <input\r\n                        type=\"email\"\r\n                        id=\"email\"\r\n                        name=\"email\"\r\n                        placeholder=\"Correu electr\u00f2nic\"\r\n                        autocomplete=\"email\"\r\n                    >\r\n                <\/div>\r\n\r\n                <button type=\"submit\" class=\"yosoy-btn yosoy-btn-primary\">\r\n                    <span class=\"btn-text\">Enviar instruccions<\/span>\r\n                    <span class=\"btn-loading\" style=\"display:none;\">Enviant...<\/span>\r\n                <\/button>\r\n\r\n                <div class=\"yosoy-form-footer\">\r\n                                        <p>\r\n                        <a href=\"https:\/\/comunidad.yosoyvegetal.com\/ca\/inicia-sesion\/\">\u2190 Volver al login<\/a>\r\n                    <\/p>\r\n                <\/div>\r\n            <\/form>\r\n            <\/div>\r\n<\/div>\r\n<\/div>\n\t\t\t\t\t\t<\/div>\n\t\t\t\t<div class=\"elementor-element elementor-element-2ecf188 elementor-widget elementor-widget-html\" data-id=\"2ecf188\" data-element_type=\"widget\" data-e-type=\"widget\" data-widget_type=\"html.default\">\n\t\t\t\t\t<div class=\"yosoy-form-group-btn-inicio\">\n                                <a href=\"https:\/\/comunidad.yosoyvegetal.com\/ca\/inicia-sessio\/\" class=\"yosoy-btn yosoy-btn-secondary\">\n                   Anar a l'inici               <\/a>\n            <\/div>\t\t\t\t<\/div>\n\t\t\t\t<\/div>\n\t\t<div class=\"elementor-element elementor-element-d96a000 e-con-full elementor-hidden-desktop elementor-hidden-tablet elementor-hidden-mobile e-flex e-con e-child\" data-id=\"d96a000\" data-element_type=\"container\" data-e-type=\"container\">\n\t\t<div class=\"elementor-element elementor-element-df33405 e-grid e-con-full e-con e-child\" data-id=\"df33405\" data-element_type=\"container\" data-e-type=\"container\">\n\t\t<div class=\"elementor-element elementor-element-e354d5c e-con-full e-flex e-con e-child\" data-id=\"e354d5c\" data-element_type=\"container\" data-e-type=\"container\" data-settings=\"{&quot;background_background&quot;:&quot;classic&quot;}\">\n\t\t\t\t<div class=\"elementor-element elementor-element-7795009 elementor-widget elementor-widget-image\" data-id=\"7795009\" data-element_type=\"widget\" data-e-type=\"widget\" data-widget_type=\"image.default\">\n\t\t\t\t\t\t\t\t\t\t\t\t\t\t\t<img decoding=\"async\" width=\"267\" height=\"341\" src=\"https:\/\/comunidad.yosoyvegetal.com\/wp-content\/uploads\/2025\/11\/YOSOY_DSC7585-1.png\" class=\"attachment-large size-large wp-image-5094\" alt=\"\" srcset=\"https:\/\/comunidad.yosoyvegetal.com\/wp-content\/uploads\/2025\/11\/YOSOY_DSC7585-1.png 267w, https:\/\/comunidad.yosoyvegetal.com\/wp-content\/uploads\/2025\/11\/YOSOY_DSC7585-1-235x300.png 235w\" sizes=\"(max-width: 267px) 100vw, 267px\" \/>\t\t\t\t\t\t\t\t\t\t\t\t\t\t\t<\/div>\n\t\t\t\t<div class=\"elementor-element elementor-element-d7942a8 elementor-widget__width-initial elementor-widget-tablet__width-initial pa-txt bold2 elementor-widget elementor-widget-text-editor\" data-id=\"d7942a8\" data-element_type=\"widget\" data-e-type=\"widget\" data-widget_type=\"text-editor.default\">\n\t\t\t\t\t\t\t\t\t<p>Como regalo de bienvenida te llevas una <strong>YOSOY gratis,<\/strong> que para eso est\u00e1n los vecinos.<\/p>\t\t\t\t\t\t\t\t<\/div>\n\t\t\t\t<\/div>\n\t\t<div class=\"elementor-element elementor-element-c872c8d e-con-full e-flex e-con e-child\" data-id=\"c872c8d\" data-element_type=\"container\" data-e-type=\"container\" data-settings=\"{&quot;background_background&quot;:&quot;classic&quot;}\">\n\t\t\t\t<div class=\"elementor-element elementor-element-14f2161 elementor-widget elementor-widget-image\" data-id=\"14f2161\" data-element_type=\"widget\" data-e-type=\"widget\" data-widget_type=\"image.default\">\n\t\t\t\t\t\t\t\t\t\t\t\t\t\t\t<img decoding=\"async\" width=\"267\" height=\"341\" src=\"https:\/\/comunidad.yosoyvegetal.com\/wp-content\/uploads\/2025\/11\/YOSOY_DSC7585-2.png\" class=\"attachment-large size-large wp-image-5095\" alt=\"\" srcset=\"https:\/\/comunidad.yosoyvegetal.com\/wp-content\/uploads\/2025\/11\/YOSOY_DSC7585-2.png 267w, https:\/\/comunidad.yosoyvegetal.com\/wp-content\/uploads\/2025\/11\/YOSOY_DSC7585-2-235x300.png 235w\" sizes=\"(max-width: 267px) 100vw, 267px\" \/>\t\t\t\t\t\t\t\t\t\t\t\t\t\t\t<\/div>\n\t\t\t\t<div class=\"elementor-element elementor-element-33829bd elementor-widget__width-initial elementor-widget-tablet__width-initial pa-txt bold2 elementor-widget elementor-widget-text-editor\" data-id=\"33829bd\" data-element_type=\"widget\" data-e-type=\"widget\" data-widget_type=\"text-editor.default\">\n\t\t\t\t\t\t\t\t\t<p>Los t\u00edquets te dan <strong>puntos y descuentos.<\/strong> Tan guay como tener vecinos que no hagan ruido.<\/p>\t\t\t\t\t\t\t\t<\/div>\n\t\t\t\t<\/div>\n\t\t<div class=\"elementor-element elementor-element-5ac602f e-con-full e-flex e-con e-child\" data-id=\"5ac602f\" data-element_type=\"container\" data-e-type=\"container\" data-settings=\"{&quot;background_background&quot;:&quot;classic&quot;}\">\n\t\t\t\t<div class=\"elementor-element elementor-element-52d13e7 elementor-widget elementor-widget-image\" data-id=\"52d13e7\" data-element_type=\"widget\" data-e-type=\"widget\" data-widget_type=\"image.default\">\n\t\t\t\t\t\t\t\t\t\t\t\t\t\t\t<img loading=\"lazy\" decoding=\"async\" width=\"267\" height=\"341\" src=\"https:\/\/comunidad.yosoyvegetal.com\/wp-content\/uploads\/2025\/11\/YOSOY_DSC7585-3.png\" class=\"attachment-large size-large wp-image-5096\" alt=\"\" srcset=\"https:\/\/comunidad.yosoyvegetal.com\/wp-content\/uploads\/2025\/11\/YOSOY_DSC7585-3.png 267w, https:\/\/comunidad.yosoyvegetal.com\/wp-content\/uploads\/2025\/11\/YOSOY_DSC7585-3-235x300.png 235w\" sizes=\"(max-width: 267px) 100vw, 267px\" \/>\t\t\t\t\t\t\t\t\t\t\t\t\t\t\t<\/div>\n\t\t\t\t<div class=\"elementor-element elementor-element-7bb4b4e elementor-widget__width-initial elementor-widget-tablet__width-initial pa-txt bold2 elementor-widget elementor-widget-text-editor\" data-id=\"7bb4b4e\" data-element_type=\"widget\" data-e-type=\"widget\" data-widget_type=\"text-editor.default\">\n\t\t\t\t\t\t\t\t\t<p>Aqu\u00ed compartimos <strong>recetas<\/strong>, puedes opinar en \u201cnuestras juntas\u201d y te enterar\u00e1s de todo.<\/p>\t\t\t\t\t\t\t\t<\/div>\n\t\t\t\t<\/div>\n\t\t<div class=\"elementor-element elementor-element-39b1582 e-con-full e-flex e-con e-child\" data-id=\"39b1582\" data-element_type=\"container\" data-e-type=\"container\" data-settings=\"{&quot;background_background&quot;:&quot;classic&quot;}\">\n\t\t\t\t<div class=\"elementor-element elementor-element-5d4ede3 elementor-widget elementor-widget-image\" data-id=\"5d4ede3\" data-element_type=\"widget\" data-e-type=\"widget\" data-widget_type=\"image.default\">\n\t\t\t\t\t\t\t\t\t\t\t\t\t\t\t<img loading=\"lazy\" decoding=\"async\" width=\"267\" height=\"341\" src=\"https:\/\/comunidad.yosoyvegetal.com\/wp-content\/uploads\/2025\/11\/YOSOY_DSC7585-4.png\" class=\"attachment-large size-large wp-image-5097\" alt=\"\" srcset=\"https:\/\/comunidad.yosoyvegetal.com\/wp-content\/uploads\/2025\/11\/YOSOY_DSC7585-4.png 267w, https:\/\/comunidad.yosoyvegetal.com\/wp-content\/uploads\/2025\/11\/YOSOY_DSC7585-4-235x300.png 235w\" sizes=\"(max-width: 267px) 100vw, 267px\" \/>\t\t\t\t\t\t\t\t\t\t\t\t\t\t\t<\/div>\n\t\t\t\t<div class=\"elementor-element elementor-element-be83e7b elementor-widget__width-initial elementor-widget-tablet__width-initial pa-txt bold2 elementor-widget elementor-widget-text-editor\" data-id=\"be83e7b\" data-element_type=\"widget\" data-e-type=\"widget\" data-widget_type=\"text-editor.default\">\n\t\t\t\t\t\t\t\t\t<p>Tenemos un detallito contigo por tu cumple en forma<br \/>de <strong>20 puntos de regalo.<\/strong><\/p>\t\t\t\t\t\t\t\t<\/div>\n\t\t\t\t<\/div>\n\t\t\t\t<\/div>\n\t\t\t\t<\/div>\n\t\t\t\t\t<\/div>\n\t\t\t\t<\/div>\n\t\t<div class=\"elementor-element elementor-element-912603c elementor-hidden-desktop elementor-hidden-tablet elementor-hidden-mobile e-flex e-con-boxed e-con e-parent\" data-id=\"912603c\" data-element_type=\"container\" data-e-type=\"container\">\n\t\t\t\t\t<div class=\"e-con-inner\">\n\t\t\t\t<div class=\"elementor-element elementor-element-8c1463a elementor-widget elementor-widget-html\" data-id=\"8c1463a\" data-element_type=\"widget\" data-e-type=\"widget\" data-widget_type=\"html.default\">\n\t\t\t\t\t<style>\na.registro {\n    text-decoration: underline;\n}.yosoy-form-footer {\n    display: none;\n}\n   p.yosoy-form-description {\n    font-family: \"Recoleta Regular\", Sans-serif;\n    font-size: 18px;\n    font-weight: normal;\n    line-height: 0;\n    color: black;\n    padding-bottom: 15px;\n} .yosoy-form-group label {\n    color: black ! IMPORTANT;\n    font-family: \"Recoleta medium\", ui-sans-serif;\n    font-size: 25px ! IMPORTANT;\n    font-weight: normal ! IMPORTANT;\n}small.yosoy-help-text {\n    font-family: \"Recoleta Regular\", Sans-serif;\n    font-size: 13px;\n    font-weight: normal;\n    line-height: 0;\n    color: black;\n    \/* padding-bottom: 15px; *\/\n    margin-top: 16px;\n}\n.yosoy-modal-content {\n    padding: 28px 36px !important;\n    background: white;\n    border-radius: 32PX;\n    text-align: left;\n    display: flex;\n    align-items: center;\n    BORDER: 0;\n    gap: 0;\n}\n\n.yosoy-modal-content p {\n \n    font-size: 32px;\n \n}\n\n.yosoy-modal-content .yosoy-modal-icon img {\n    max-width: 189px !important;\n}.yosoy-modal-content p {\n    font-size: 32px;\n}.yosoy-modal-content {\n    padding: 62px 36px !important;\n    background: white;\n    border-radius: 32PX;\n    text-align: left;\n    display: flex;\n    align-items: center;\n    BORDER: 0;\n    gap: 46PX;\n}.yosoy-modal-content {\n    padding: 62px 36px !important;\n    background: #ffffff00;\n    border-radius: 32PX;\n    text-align: left;\n    display: flex;\n    align-items: center;\n    BORDER: 0;\n    gap: 46PX;\n}\n\nform#yosoy-forgot-password-form p.yosoy-form-description {\n  font-size: 23px;\n  padding-bottom: 0;\n  line-height: 27px;\n}\n\n.yosoy-form h2 {\n  font-size: 31px;\n  \n}\n @media only screen and (max-width: 699px) {\n\nform#yosoy-forgot-password-form p.yosoy-form-description {\n    font-family: \"Recoleta Regular\", Sans-serif;\n    font-size: 18px;\n    font-weight: normal;\n    line-height: 1.1;\n    color: black;\n    \n}\n     \n     .yosoy-modal-content {\n    padding: 42px 14px !important;\n    background: #ffffff00;\n    border-radius: 32PX;\n    text-align: left;\n    display: flex;\n    align-items: center;\n    BORDER: 0;\n    gap: 26px;\n    padding-bottom: 31px ! IMPORTANT;\n    flex-direction: row;\n}\n   .yosoy-modal {\n    max-width: 718px;\n    width: 96%;\n    border-radius: 31px;\n}  .yosoy-modal-content {\n    padding: 42px 14px !important;\n    background: #ffffff00;\n    border-radius: 32PX;\n    text-align: left;\n    display: flex;\n    align-items: center;\n    BORDER: 0;\n    gap: 26px;\n    padding-bottom: 31px ! IMPORTANT;\n}.yosoy-modal-content p {\n    font-size: 17px;\n}.yosoy-modal-content .yosoy-modal-icon img {\n    max-width: 85px !important;\n}\n }\n<\/style>\t\t\t\t<\/div>\n\t\t\t\t\t<\/div>\n\t\t\t\t<\/div>\n\t\t\t\t<\/div>\n\t\t","protected":false},"excerpt":{"rendered":"<p>\u00bfEres nuevo por aqu\u00ed? Crea tu cuenta. \u00bfYa recibes nuestros e-mails? Primero, reg\u00edstrate. Anar a l&#8217;inici Como regalo de bienvenida te llevas una YOSOY gratis, que para eso est\u00e1n los vecinos. Los t\u00edquets te dan puntos y descuentos. Tan guay como tener vecinos que no hagan ruido. Aqu\u00ed compartimos recetas, puedes opinar en \u201cnuestras juntas\u201d&#8230;<\/p>\n","protected":false},"author":1,"featured_media":0,"parent":0,"menu_order":0,"comment_status":"closed","ping_status":"closed","template":"elementor_header_footer","meta":{"inline_featured_image":false,"_kad_post_transparent":"","_kad_post_title":"","_kad_post_layout":"","_kad_post_sidebar_id":"","_kad_post_content_style":"","_kad_post_vertical_padding":"","_kad_post_feature":"","_kad_post_feature_position":"","_kad_post_header":false,"_kad_post_footer":false,"_kad_post_classname":"","footnotes":""},"class_list":["post-5221","page","type-page","status-publish","hentry"],"_links":{"self":[{"href":"https:\/\/comunidad.yosoyvegetal.com\/ca\/wp-json\/wp\/v2\/pages\/5221","targetHints":{"allow":["GET"]}}],"collection":[{"href":"https:\/\/comunidad.yosoyvegetal.com\/ca\/wp-json\/wp\/v2\/pages"}],"about":[{"href":"https:\/\/comunidad.yosoyvegetal.com\/ca\/wp-json\/wp\/v2\/types\/page"}],"author":[{"embeddable":true,"href":"https:\/\/comunidad.yosoyvegetal.com\/ca\/wp-json\/wp\/v2\/users\/1"}],"replies":[{"embeddable":true,"href":"https:\/\/comunidad.yosoyvegetal.com\/ca\/wp-json\/wp\/v2\/comments?post=5221"}],"version-history":[{"count":7,"href":"https:\/\/comunidad.yosoyvegetal.com\/ca\/wp-json\/wp\/v2\/pages\/5221\/revisions"}],"predecessor-version":[{"id":5406,"href":"https:\/\/comunidad.yosoyvegetal.com\/ca\/wp-json\/wp\/v2\/pages\/5221\/revisions\/5406"}],"wp:attachment":[{"href":"https:\/\/comunidad.yosoyvegetal.com\/ca\/wp-json\/wp\/v2\/media?parent=5221"}],"curies":[{"name":"wp","href":"https:\/\/api.w.org\/{rel}","templated":true}]}}