{"id":5178,"date":"2025-11-14T11:45:46","date_gmt":"2025-11-14T10:45:46","guid":{"rendered":"https:\/\/comunidad.yosoyvegetal.com\/registro\/"},"modified":"2026-02-04T13:43:06","modified_gmt":"2026-02-04T12:43:06","slug":"registre","status":"publish","type":"page","link":"https:\/\/comunidad.yosoyvegetal.com\/ca\/registre\/","title":{"rendered":"Registre"},"content":{"rendered":"\t\t<div data-elementor-type=\"wp-page\" data-elementor-id=\"5178\" class=\"elementor elementor-5178 elementor-365\" data-elementor-post-type=\"page\">\n\t\t\t\t<div class=\"elementor-element elementor-element-9b25f7b e-flex e-con-boxed e-con e-parent\" data-id=\"9b25f7b\" data-element_type=\"container\" data-e-type=\"container\" data-settings=\"{&quot;background_background&quot;:&quot;classic&quot;}\">\n\t\t\t\t\t<div class=\"e-con-inner\">\n\t\t<div class=\"elementor-element elementor-element-83b79a2 e-con-full e-flex elementor-invisible e-con e-child\" data-id=\"83b79a2\" data-element_type=\"container\" data-e-type=\"container\" data-settings=\"{&quot;animation&quot;:&quot;fadeIn&quot;,&quot;animation_delay&quot;:0}\">\n\t\t\t\t<div class=\"elementor-element elementor-element-ada6704 elementor-widget__width-initial elementor-widget elementor-widget-heading\" data-id=\"ada6704\" data-element_type=\"widget\" data-e-type=\"widget\" data-widget_type=\"heading.default\">\n\t\t\t\t\t<h2 class=\"elementor-heading-title elementor-size-default\">Vols unir-te<br>\na La comunitat?<\/h2>\t\t\t\t<\/div>\n\t\t\t\t<div class=\"elementor-element elementor-element-42f8904 elementor-widget__width-initial elementor-widget elementor-widget-heading\" data-id=\"42f8904\" data-element_type=\"widget\" data-e-type=\"widget\" data-widget_type=\"heading.default\">\n\t\t\t\t\t<h2 class=\"elementor-heading-title elementor-size-default\">\u00c9s gratis i et donem les claus molt r\u00e0pid.<\/h2>\t\t\t\t<\/div>\n\t\t\t\t<\/div>\n\t\t<div class=\"elementor-element elementor-element-da3976c e-con-full e-flex elementor-invisible e-con e-child\" data-id=\"da3976c\" data-element_type=\"container\" data-e-type=\"container\" data-settings=\"{&quot;animation&quot;:&quot;fadeIn&quot;,&quot;animation_delay&quot;:0}\">\n\t\t<div class=\"elementor-element elementor-element-3e1ab21d e-grid e-con-full elementor-hidden-mobile e-con e-child\" data-id=\"3e1ab21d\" data-element_type=\"container\" data-e-type=\"container\" data-settings=\"{&quot;animation&quot;:&quot;none&quot;,&quot;animation_delay&quot;:0}\">\n\t\t<div class=\"elementor-element elementor-element-6914d1c9 e-con-full e-flex e-con e-child\" data-id=\"6914d1c9\" data-element_type=\"container\" data-e-type=\"container\" data-settings=\"{&quot;background_background&quot;:&quot;classic&quot;}\">\n\t\t\t\t<div class=\"elementor-element elementor-element-5bade696 elementor-widget elementor-widget-image\" data-id=\"5bade696\" data-element_type=\"widget\" data-e-type=\"widget\" data-widget_type=\"image.default\">\n\t\t\t\t\t\t\t\t\t\t\t\t\t\t\t<img fetchpriority=\"high\" decoding=\"async\" width=\"330\" height=\"332\" src=\"https:\/\/comunidad.yosoyvegetal.com\/wp-content\/uploads\/2025\/11\/YOSOY_DSC7585-1-1.png\" class=\"attachment-large size-large wp-image-5090\" alt=\"\" srcset=\"https:\/\/comunidad.yosoyvegetal.com\/wp-content\/uploads\/2025\/11\/YOSOY_DSC7585-1-1.png 330w, https:\/\/comunidad.yosoyvegetal.com\/wp-content\/uploads\/2025\/11\/YOSOY_DSC7585-1-1-298x300.png 298w, https:\/\/comunidad.yosoyvegetal.com\/wp-content\/uploads\/2025\/11\/YOSOY_DSC7585-1-1-150x150.png 150w\" sizes=\"(max-width: 330px) 100vw, 330px\" \/>\t\t\t\t\t\t\t\t\t\t\t\t\t\t\t<\/div>\n\t\t\t\t<div class=\"elementor-element elementor-element-767d9e4c elementor-widget__width-initial elementor-widget-tablet__width-initial pa-txt bold2 elementor-widget elementor-widget-text-editor\" data-id=\"767d9e4c\" data-element_type=\"widget\" data-e-type=\"widget\" data-widget_type=\"text-editor.default\">\n\t\t\t\t\t\t\t\t\t<p>Com a regal de benvinguda t&#8217;emportes una <strong>YOSOY gratis,<\/strong> que per aix\u00f2 estan els ve\u00efns.<\/p>\t\t\t\t\t\t\t\t<\/div>\n\t\t\t\t<\/div>\n\t\t<div class=\"elementor-element elementor-element-b517627 e-con-full e-flex e-con e-child\" data-id=\"b517627\" data-element_type=\"container\" data-e-type=\"container\" data-settings=\"{&quot;background_background&quot;:&quot;classic&quot;}\">\n\t\t\t\t<div class=\"elementor-element elementor-element-e7c9e85 elementor-widget elementor-widget-image\" data-id=\"e7c9e85\" data-element_type=\"widget\" data-e-type=\"widget\" data-widget_type=\"image.default\">\n\t\t\t\t\t\t\t\t\t\t\t\t\t\t\t<img decoding=\"async\" width=\"330\" height=\"332\" src=\"https:\/\/comunidad.yosoyvegetal.com\/wp-content\/uploads\/2025\/11\/YOSOY_DSC7585-2-1.png\" class=\"attachment-large size-large wp-image-5091\" alt=\"\" srcset=\"https:\/\/comunidad.yosoyvegetal.com\/wp-content\/uploads\/2025\/11\/YOSOY_DSC7585-2-1.png 330w, https:\/\/comunidad.yosoyvegetal.com\/wp-content\/uploads\/2025\/11\/YOSOY_DSC7585-2-1-298x300.png 298w, https:\/\/comunidad.yosoyvegetal.com\/wp-content\/uploads\/2025\/11\/YOSOY_DSC7585-2-1-150x150.png 150w\" sizes=\"(max-width: 330px) 100vw, 330px\" \/>\t\t\t\t\t\t\t\t\t\t\t\t\t\t\t<\/div>\n\t\t\t\t<div class=\"elementor-element elementor-element-13ef959 elementor-widget__width-initial elementor-widget-tablet__width-initial pa-txt bold2 elementor-widget elementor-widget-text-editor\" data-id=\"13ef959\" data-element_type=\"widget\" data-e-type=\"widget\" data-widget_type=\"text-editor.default\">\n\t\t\t\t\t\t\t\t\t<p>Els tiquets et donen <strong>punts i descomptes.<\/strong> Tan genial com tenir ve\u00efns que no facin soroll.<\/p>\t\t\t\t\t\t\t\t<\/div>\n\t\t\t\t<\/div>\n\t\t<div class=\"elementor-element elementor-element-38d2477 e-con-full e-flex e-con e-child\" data-id=\"38d2477\" data-element_type=\"container\" data-e-type=\"container\" data-settings=\"{&quot;background_background&quot;:&quot;classic&quot;}\">\n\t\t\t\t<div class=\"elementor-element elementor-element-8cbe877 elementor-widget elementor-widget-image\" data-id=\"8cbe877\" data-element_type=\"widget\" data-e-type=\"widget\" data-widget_type=\"image.default\">\n\t\t\t\t\t\t\t\t\t\t\t\t\t\t\t<img decoding=\"async\" width=\"330\" height=\"332\" src=\"https:\/\/comunidad.yosoyvegetal.com\/wp-content\/uploads\/2025\/11\/YOSOY_DSC7585-3-1.png\" class=\"attachment-large size-large wp-image-5092\" alt=\"\" srcset=\"https:\/\/comunidad.yosoyvegetal.com\/wp-content\/uploads\/2025\/11\/YOSOY_DSC7585-3-1.png 330w, https:\/\/comunidad.yosoyvegetal.com\/wp-content\/uploads\/2025\/11\/YOSOY_DSC7585-3-1-298x300.png 298w, https:\/\/comunidad.yosoyvegetal.com\/wp-content\/uploads\/2025\/11\/YOSOY_DSC7585-3-1-150x150.png 150w\" sizes=\"(max-width: 330px) 100vw, 330px\" \/>\t\t\t\t\t\t\t\t\t\t\t\t\t\t\t<\/div>\n\t\t\t\t<div class=\"elementor-element elementor-element-d8fcc3d elementor-widget__width-initial elementor-widget-tablet__width-initial pa-txt bold2 elementor-widget elementor-widget-text-editor\" data-id=\"d8fcc3d\" data-element_type=\"widget\" data-e-type=\"widget\" data-widget_type=\"text-editor.default\">\n\t\t\t\t\t\t\t\t\t<p>Aqu\u00ed compartim <strong>receptes<\/strong>, pots opinar &#8220;a les nostres juntes&#8221; i t&#8217;assabentar\u00e0s de tot.<\/p>\t\t\t\t\t\t\t\t<\/div>\n\t\t\t\t<\/div>\n\t\t<div class=\"elementor-element elementor-element-b1ae53e e-con-full e-flex e-con e-child\" data-id=\"b1ae53e\" data-element_type=\"container\" data-e-type=\"container\" data-settings=\"{&quot;background_background&quot;:&quot;classic&quot;}\">\n\t\t\t\t<div class=\"elementor-element elementor-element-06e99dd elementor-widget elementor-widget-image\" data-id=\"06e99dd\" data-element_type=\"widget\" data-e-type=\"widget\" data-widget_type=\"image.default\">\n\t\t\t\t\t\t\t\t\t\t\t\t\t\t\t<img loading=\"lazy\" decoding=\"async\" width=\"330\" height=\"332\" src=\"https:\/\/comunidad.yosoyvegetal.com\/wp-content\/uploads\/2025\/11\/YOSOY_DSC7585-4-1.png\" class=\"attachment-large size-large wp-image-5093\" alt=\"\" srcset=\"https:\/\/comunidad.yosoyvegetal.com\/wp-content\/uploads\/2025\/11\/YOSOY_DSC7585-4-1.png 330w, https:\/\/comunidad.yosoyvegetal.com\/wp-content\/uploads\/2025\/11\/YOSOY_DSC7585-4-1-298x300.png 298w, https:\/\/comunidad.yosoyvegetal.com\/wp-content\/uploads\/2025\/11\/YOSOY_DSC7585-4-1-150x150.png 150w\" sizes=\"(max-width: 330px) 100vw, 330px\" \/>\t\t\t\t\t\t\t\t\t\t\t\t\t\t\t<\/div>\n\t\t\t\t<div class=\"elementor-element elementor-element-7661ff1 elementor-widget__width-initial elementor-widget-tablet__width-initial pa-txt bold2 elementor-widget elementor-widget-text-editor\" data-id=\"7661ff1\" data-element_type=\"widget\" data-e-type=\"widget\" data-widget_type=\"text-editor.default\">\n\t\t\t\t\t\t\t\t\t<p>Tenim un detallet amb tu pel teu aniversari en forma de <strong>20 punts de regal.<\/strong><\/p>\t\t\t\t\t\t\t\t<\/div>\n\t\t\t\t<\/div>\n\t\t\t\t<\/div>\n\t\t<div class=\"elementor-element elementor-element-3b2982e e-grid e-con-full e-con e-child\" data-id=\"3b2982e\" data-element_type=\"container\" data-e-type=\"container\" data-settings=\"{&quot;animation&quot;:&quot;none&quot;,&quot;animation_delay&quot;:0}\">\n\t\t<div class=\"elementor-element elementor-element-cb8a1c3 e-con-full e-flex e-con e-child\" data-id=\"cb8a1c3\" data-element_type=\"container\" data-e-type=\"container\" data-settings=\"{&quot;background_background&quot;:&quot;classic&quot;}\">\n\t\t\t\t<div class=\"elementor-element elementor-element-1944759 elementor-widget__width-initial elementor-widget elementor-widget-shortcode\" data-id=\"1944759\" data-element_type=\"widget\" data-e-type=\"widget\" data-widget_type=\"shortcode.default\">\n\t\t\t\t\t\t\t<div class=\"elementor-shortcode\">\r\n<div class=\"yosoy-register-container\">\r\n    <div class=\"yosoy-register-box\">\r\n        <div id=\"yosoy-register-message\"><\/div>\r\n\r\n        <form id=\"yosoy-register-form\" class=\"yosoy-form\" novalidate>\r\n            <div class=\"yosoy-form-group\">\r\n                <input\r\n                    type=\"text\"\r\n                    id=\"firstname\"\r\n                    name=\"firstname\"\r\n                    placeholder=\"Nom\"\r\n                >\r\n            <\/div>\r\n\r\n            <div class=\"yosoy-form-group\">\r\n                <input\r\n                    type=\"text\"\r\n                    id=\"lastname\"\r\n                    name=\"lastname\"\r\n                    placeholder=\"Cognoms (Opcional)\"\r\n                >\r\n            <\/div>\r\n            \r\n             <div class=\"yosoy-form-group\">\r\n                <input\r\n                    type=\"email\"\r\n                    id=\"email\"\r\n                    name=\"email\"\r\n                    placeholder=\"Correu electr\u00f2nic\"\r\n                    autocomplete=\"email\"\r\n                >\r\n            <\/div>\r\n\r\n            <div class=\"yosoy-form-group\">\r\n                <input\r\n                    type=\"password\"\r\n                    id=\"password\"\r\n                    name=\"password\"\r\n                    placeholder=\"Contrasenya\"\r\n                    autocomplete=\"new-password\"\r\n                >\r\n            <\/div>\r\n\r\n            <div class=\"yosoy-form-group\">\r\n                <input\r\n                    type=\"password\"\r\n                    id=\"password2\"\r\n                    name=\"password2\"\r\n                    placeholder=\"Repeteix contrasenya\"\r\n                    autocomplete=\"new-password\"\r\n                >\r\n            <\/div>\r\n\r\n            <div class=\"yosoy-form-group yosoy-checkbox-group\">\r\n                <input type=\"checkbox\" name=\"bases_legales\" id=\"bases_legales\" required>\r\n                <span class=\"yosoy-checkbox-text\">\r\n                    He llegit i accepto les <a href=\"https:\/\/comunidad.yosoyvegetal.com\/ca\/bases-legals\/\" target=\"_blank\" rel=\"noopener noreferrer\">Bases legals<\/a>  i la <a href=\"https:\/\/comunidad.yosoyvegetal.com\/ca\/politica-de-privacitat\/\" target=\"_blank\" rel=\"noopener noreferrer\">Pol\u00edtica de Privacitat<\/a> del Programa de fidelitat Yosoy*                <\/span>\r\n            <\/div>\r\n\r\n            <div class=\"yosoy-form-group yosoy-checkbox-group\">\r\n                <input type=\"hidden\" name=\"marketing_emails\" value=\"0\">\r\n                <input type=\"checkbox\" name=\"marketing_emails\" id=\"marketing_emails\" value=\"1\">\r\n                <span class=\"yosoy-checkbox-text\">\r\n                    Accepto rebre informaci\u00f3 o ofertes promocionals de LIQUATS VEGETALS, S.A i unir-me a La comunitat de ve\u00efns                <\/span>\r\n            <\/div>\r\n\r\n                        \r\n            <button type=\"submit\" class=\"yosoy-btn yosoy-btn-primary yosoy-btn-register\">\r\n                <span class=\"btn-text\">CONTINUAR<\/span>\r\n                <span class=\"btn-loading\" style=\"display:none;\">CREANT EL COMPTE\u2026<\/span>\r\n            <\/button>\r\n\r\n            <div class=\"yosoy-form-group-btn-inicio\">\r\n                                <a href=\"https:\/\/comunidad.yosoyvegetal.com\/ca\/inicia-sessio\/\" class=\"yosoy-btn yosoy-btn-secondary\">\r\n                    Anar a l'inici                <\/a>\r\n            <\/div>\r\n        <\/form>\r\n    <\/div>\r\n<\/div>\r\n\t<\/div>\n\t\t\t\t\t\t<\/div>\n\t\t\t\t<\/div>\n\t\t<div class=\"elementor-element elementor-element-8ac657a e-con-full elementor-hidden-tablet elementor-hidden-mobile e-flex e-con e-child\" data-id=\"8ac657a\" data-element_type=\"container\" data-e-type=\"container\" data-settings=\"{&quot;background_background&quot;:&quot;classic&quot;}\">\n\t\t\t\t<div class=\"elementor-element elementor-element-4feda7d elementor-widget elementor-widget-spacer\" data-id=\"4feda7d\" data-element_type=\"widget\" data-e-type=\"widget\" data-widget_type=\"spacer.default\">\n\t\t\t\t\t\t\t<div class=\"elementor-spacer\">\n\t\t\t<div class=\"elementor-spacer-inner\"><\/div>\n\t\t<\/div>\n\t\t\t\t\t\t<\/div>\n\t\t\t\t<\/div>\n\t\t\t\t<\/div>\n\t\t\t\t<\/div>\n\t\t<div class=\"elementor-element elementor-element-757a524 e-con-full elementor-hidden-desktop elementor-hidden-tablet e-flex elementor-invisible e-con e-child\" data-id=\"757a524\" data-element_type=\"container\" data-e-type=\"container\" data-settings=\"{&quot;animation&quot;:&quot;fadeIn&quot;,&quot;animation_delay&quot;:0}\">\n\t\t<div class=\"elementor-element elementor-element-04869fd e-grid e-con-full e-con e-child\" data-id=\"04869fd\" data-element_type=\"container\" data-e-type=\"container\">\n\t\t<div class=\"elementor-element elementor-element-63486a2 e-con-full e-flex e-con e-child\" data-id=\"63486a2\" data-element_type=\"container\" data-e-type=\"container\" data-settings=\"{&quot;background_background&quot;:&quot;classic&quot;}\">\n\t\t\t\t<div class=\"elementor-element elementor-element-afd78b9 elementor-widget elementor-widget-image\" data-id=\"afd78b9\" data-element_type=\"widget\" data-e-type=\"widget\" data-widget_type=\"image.default\">\n\t\t\t\t\t\t\t\t\t\t\t\t\t\t\t<img loading=\"lazy\" decoding=\"async\" width=\"267\" height=\"341\" src=\"https:\/\/comunidad.yosoyvegetal.com\/wp-content\/uploads\/2025\/11\/YOSOY_DSC7585-1.png\" class=\"attachment-large size-large wp-image-5094\" alt=\"\" srcset=\"https:\/\/comunidad.yosoyvegetal.com\/wp-content\/uploads\/2025\/11\/YOSOY_DSC7585-1.png 267w, https:\/\/comunidad.yosoyvegetal.com\/wp-content\/uploads\/2025\/11\/YOSOY_DSC7585-1-235x300.png 235w\" sizes=\"(max-width: 267px) 100vw, 267px\" \/>\t\t\t\t\t\t\t\t\t\t\t\t\t\t\t<\/div>\n\t\t\t\t<div class=\"elementor-element elementor-element-d951902 elementor-widget__width-initial elementor-widget-tablet__width-initial pa-txt bold2 elementor-widget elementor-widget-text-editor\" data-id=\"d951902\" data-element_type=\"widget\" data-e-type=\"widget\" data-widget_type=\"text-editor.default\">\n\t\t\t\t\t\t\t\t\t<p>Com a regal de benvinguda t&#8217;emportes una <strong>YOSOY gratis,<\/strong> que per aix\u00f2 estan els ve\u00efns.<\/p>\t\t\t\t\t\t\t\t<\/div>\n\t\t\t\t<\/div>\n\t\t<div class=\"elementor-element elementor-element-ff66fb1 e-con-full e-flex e-con e-child\" data-id=\"ff66fb1\" data-element_type=\"container\" data-e-type=\"container\" data-settings=\"{&quot;background_background&quot;:&quot;classic&quot;}\">\n\t\t\t\t<div class=\"elementor-element elementor-element-0dff2c5 elementor-widget elementor-widget-image\" data-id=\"0dff2c5\" data-element_type=\"widget\" data-e-type=\"widget\" data-widget_type=\"image.default\">\n\t\t\t\t\t\t\t\t\t\t\t\t\t\t\t<img loading=\"lazy\" decoding=\"async\" width=\"267\" height=\"341\" src=\"https:\/\/comunidad.yosoyvegetal.com\/wp-content\/uploads\/2025\/11\/YOSOY_DSC7585-2.png\" class=\"attachment-large size-large wp-image-5095\" alt=\"\" srcset=\"https:\/\/comunidad.yosoyvegetal.com\/wp-content\/uploads\/2025\/11\/YOSOY_DSC7585-2.png 267w, https:\/\/comunidad.yosoyvegetal.com\/wp-content\/uploads\/2025\/11\/YOSOY_DSC7585-2-235x300.png 235w\" sizes=\"(max-width: 267px) 100vw, 267px\" \/>\t\t\t\t\t\t\t\t\t\t\t\t\t\t\t<\/div>\n\t\t\t\t<div class=\"elementor-element elementor-element-866786e elementor-widget__width-initial elementor-widget-tablet__width-initial pa-txt bold2 elementor-widget elementor-widget-text-editor\" data-id=\"866786e\" data-element_type=\"widget\" data-e-type=\"widget\" data-widget_type=\"text-editor.default\">\n\t\t\t\t\t\t\t\t\t<p>Els tiquets et donen <strong>punts i descomptes.<\/strong> Tan genial com tenir ve\u00efns que no facin soroll.<\/p>\t\t\t\t\t\t\t\t<\/div>\n\t\t\t\t<\/div>\n\t\t<div class=\"elementor-element elementor-element-6846f7c e-con-full e-flex e-con e-child\" data-id=\"6846f7c\" data-element_type=\"container\" data-e-type=\"container\" data-settings=\"{&quot;background_background&quot;:&quot;classic&quot;}\">\n\t\t\t\t<div class=\"elementor-element elementor-element-2177e19 elementor-widget elementor-widget-image\" data-id=\"2177e19\" data-element_type=\"widget\" data-e-type=\"widget\" data-widget_type=\"image.default\">\n\t\t\t\t\t\t\t\t\t\t\t\t\t\t\t<img loading=\"lazy\" decoding=\"async\" width=\"267\" height=\"341\" src=\"https:\/\/comunidad.yosoyvegetal.com\/wp-content\/uploads\/2025\/11\/YOSOY_DSC7585-3.png\" class=\"attachment-large size-large wp-image-5096\" alt=\"\" srcset=\"https:\/\/comunidad.yosoyvegetal.com\/wp-content\/uploads\/2025\/11\/YOSOY_DSC7585-3.png 267w, https:\/\/comunidad.yosoyvegetal.com\/wp-content\/uploads\/2025\/11\/YOSOY_DSC7585-3-235x300.png 235w\" sizes=\"(max-width: 267px) 100vw, 267px\" \/>\t\t\t\t\t\t\t\t\t\t\t\t\t\t\t<\/div>\n\t\t\t\t<div class=\"elementor-element elementor-element-99bdc3a elementor-widget__width-initial elementor-widget-tablet__width-initial pa-txt bold2 elementor-widget elementor-widget-text-editor\" data-id=\"99bdc3a\" data-element_type=\"widget\" data-e-type=\"widget\" data-widget_type=\"text-editor.default\">\n\t\t\t\t\t\t\t\t\t<p>Aqu\u00ed compartim <strong>receptes<\/strong>, pots opinar &#8220;a les nostres juntes&#8221; i t&#8217;assabentar\u00e0s de tot.<\/p>\t\t\t\t\t\t\t\t<\/div>\n\t\t\t\t<\/div>\n\t\t<div class=\"elementor-element elementor-element-497c4fe e-con-full e-flex e-con e-child\" data-id=\"497c4fe\" data-element_type=\"container\" data-e-type=\"container\" data-settings=\"{&quot;background_background&quot;:&quot;classic&quot;}\">\n\t\t\t\t<div class=\"elementor-element elementor-element-5628610 elementor-widget elementor-widget-image\" data-id=\"5628610\" data-element_type=\"widget\" data-e-type=\"widget\" data-widget_type=\"image.default\">\n\t\t\t\t\t\t\t\t\t\t\t\t\t\t\t<img loading=\"lazy\" decoding=\"async\" width=\"267\" height=\"341\" src=\"https:\/\/comunidad.yosoyvegetal.com\/wp-content\/uploads\/2025\/11\/YOSOY_DSC7585-4.png\" class=\"attachment-large size-large wp-image-5097\" alt=\"\" srcset=\"https:\/\/comunidad.yosoyvegetal.com\/wp-content\/uploads\/2025\/11\/YOSOY_DSC7585-4.png 267w, https:\/\/comunidad.yosoyvegetal.com\/wp-content\/uploads\/2025\/11\/YOSOY_DSC7585-4-235x300.png 235w\" sizes=\"(max-width: 267px) 100vw, 267px\" \/>\t\t\t\t\t\t\t\t\t\t\t\t\t\t\t<\/div>\n\t\t\t\t<div class=\"elementor-element elementor-element-d2e10d9 elementor-widget__width-initial elementor-widget-tablet__width-initial pa-txt bold2 elementor-widget elementor-widget-text-editor\" data-id=\"d2e10d9\" data-element_type=\"widget\" data-e-type=\"widget\" data-widget_type=\"text-editor.default\">\n\t\t\t\t\t\t\t\t\t<p>Tenim un detallet amb tu pel teu aniversari en forma de <strong>20 punts de regal.<\/strong><\/p>\t\t\t\t\t\t\t\t<\/div>\n\t\t\t\t<\/div>\n\t\t\t\t<\/div>\n\t\t\t\t<\/div>\n\t\t<div class=\"elementor-element elementor-element-3b831da e-con-full elementor-hidden-desktop elementor-hidden-tablet elementor-hidden-mobile e-flex e-con e-child\" data-id=\"3b831da\" data-element_type=\"container\" data-e-type=\"container\">\n\t\t\t\t<div class=\"elementor-element elementor-element-48910cc elementor-widget elementor-widget-html\" data-id=\"48910cc\" data-element_type=\"widget\" data-e-type=\"widget\" data-widget_type=\"html.default\">\n\t\t\t\t\t<button  onclick=\"location.reload();location.href='https:\/\/comunidad.yosoyvegetal.com\/inicia-sesion\/'\" class=\"yosoy-btn yosoy-btn-primary yosoy-btn-login btn-negro\">\n                <span class=\"btn-text\">Volver al inicio<\/span>\n                \n            <\/button>\t\t\t\t<\/div>\n\t\t\t\t<\/div>\n\t\t\t\t\t<\/div>\n\t\t\t\t<\/div>\n\t\t<div class=\"elementor-element elementor-element-0e989ff elementor-hidden-desktop elementor-hidden-tablet elementor-hidden-mobile e-flex e-con-boxed e-con e-parent\" data-id=\"0e989ff\" data-element_type=\"container\" data-e-type=\"container\">\n\t\t\t\t\t<div class=\"e-con-inner\">\n\t\t\t\t<div class=\"elementor-element elementor-element-0815547 elementor-widget elementor-widget-html\" data-id=\"0815547\" data-element_type=\"widget\" data-e-type=\"widget\" data-widget_type=\"html.default\">\n\t\t\t\t\t<style>\n    \n\n    \n<\/style>\t\t\t\t<\/div>\n\t\t\t\t\t<\/div>\n\t\t\t\t<\/div>\n\t\t\t\t<\/div>\n\t\t","protected":false},"excerpt":{"rendered":"<p>Vols unir-te a La comunitat? \u00c9s gratis i et donem les claus molt r\u00e0pid. Com a regal de benvinguda t&#8217;emportes una YOSOY gratis, que per aix\u00f2 estan els ve\u00efns. Els tiquets et donen punts i descomptes. Tan genial com tenir ve\u00efns que no facin soroll. Aqu\u00ed compartim receptes, pots opinar &#8220;a les nostres juntes&#8221; i&#8230;<\/p>\n","protected":false},"author":1,"featured_media":0,"parent":0,"menu_order":0,"comment_status":"closed","ping_status":"closed","template":"elementor_header_footer","meta":{"inline_featured_image":false,"_kad_post_transparent":"","_kad_post_title":"","_kad_post_layout":"","_kad_post_sidebar_id":"","_kad_post_content_style":"","_kad_post_vertical_padding":"","_kad_post_feature":"","_kad_post_feature_position":"","_kad_post_header":false,"_kad_post_footer":false,"_kad_post_classname":"","footnotes":""},"class_list":["post-5178","page","type-page","status-publish","hentry"],"_links":{"self":[{"href":"https:\/\/comunidad.yosoyvegetal.com\/ca\/wp-json\/wp\/v2\/pages\/5178","targetHints":{"allow":["GET"]}}],"collection":[{"href":"https:\/\/comunidad.yosoyvegetal.com\/ca\/wp-json\/wp\/v2\/pages"}],"about":[{"href":"https:\/\/comunidad.yosoyvegetal.com\/ca\/wp-json\/wp\/v2\/types\/page"}],"author":[{"embeddable":true,"href":"https:\/\/comunidad.yosoyvegetal.com\/ca\/wp-json\/wp\/v2\/users\/1"}],"replies":[{"embeddable":true,"href":"https:\/\/comunidad.yosoyvegetal.com\/ca\/wp-json\/wp\/v2\/comments?post=5178"}],"version-history":[{"count":14,"href":"https:\/\/comunidad.yosoyvegetal.com\/ca\/wp-json\/wp\/v2\/pages\/5178\/revisions"}],"predecessor-version":[{"id":5386,"href":"https:\/\/comunidad.yosoyvegetal.com\/ca\/wp-json\/wp\/v2\/pages\/5178\/revisions\/5386"}],"wp:attachment":[{"href":"https:\/\/comunidad.yosoyvegetal.com\/ca\/wp-json\/wp\/v2\/media?parent=5178"}],"curies":[{"name":"wp","href":"https:\/\/api.w.org\/{rel}","templated":true}]}}