{"id":5160,"date":"2025-10-02T16:19:05","date_gmt":"2025-10-02T14:19:05","guid":{"rendered":"https:\/\/comunidad.yosoyvegetal.com\/inicia-sesion\/"},"modified":"2026-02-04T14:12:21","modified_gmt":"2026-02-04T13:12:21","slug":"inicia-sessio","status":"publish","type":"page","link":"https:\/\/comunidad.yosoyvegetal.com\/ca\/inicia-sessio\/","title":{"rendered":"Inicia sessi\u00f3"},"content":{"rendered":"\t\t<div data-elementor-type=\"wp-page\" data-elementor-id=\"5160\" class=\"elementor elementor-5160 elementor-2\" data-elementor-post-type=\"page\">\n\t\t\t\t<div class=\"elementor-element elementor-element-9b25f7b e-flex e-con-boxed e-con e-parent\" data-id=\"9b25f7b\" data-element_type=\"container\" data-e-type=\"container\" data-settings=\"{&quot;background_background&quot;:&quot;classic&quot;,&quot;animation&quot;:&quot;none&quot;,&quot;animation_delay&quot;:0}\">\n\t\t\t\t\t<div class=\"e-con-inner\">\n\t\t\t\t<div class=\"elementor-element elementor-element-adbc9a2 elementor-invisible elementor-widget elementor-widget-image\" data-id=\"adbc9a2\" data-element_type=\"widget\" data-e-type=\"widget\" data-settings=\"{&quot;_animation&quot;:&quot;fadeIn&quot;,&quot;_animation_delay&quot;:0}\" data-widget_type=\"image.default\">\n\t\t\t\t\t\t\t\t\t\t\t\t\t\t\t<img fetchpriority=\"high\" decoding=\"async\" width=\"1024\" height=\"1024\" src=\"https:\/\/comunidad.yosoyvegetal.com\/wp-content\/uploads\/2026\/02\/logo-cat.svg\" class=\"attachment-large size-large wp-image-5400\" alt=\"\" \/>\t\t\t\t\t\t\t\t\t\t\t\t\t\t\t<\/div>\n\t\t<div class=\"elementor-element elementor-element-83b79a2 e-con-full e-flex elementor-invisible e-con e-child\" data-id=\"83b79a2\" data-element_type=\"container\" data-e-type=\"container\" data-settings=\"{&quot;animation&quot;:&quot;fadeIn&quot;,&quot;animation_delay&quot;:0}\">\n\t\t\t\t<div class=\"elementor-element elementor-element-ef9c5a9 elementor-position-inline-start elementor-widget__width-initial elementor-view-default elementor-widget elementor-widget-icon-box\" data-id=\"ef9c5a9\" data-element_type=\"widget\" data-e-type=\"widget\" data-widget_type=\"icon-box.default\">\n\t\t\t\t\t\t\t<div class=\"elementor-icon-box-wrapper\">\n\n\t\t\t\t\t\t<div class=\"elementor-icon-box-icon\">\n\t\t\t\t<span  class=\"elementor-icon\">\n\t\t\t\t<svg xmlns=\"http:\/\/www.w3.org\/2000\/svg\" width=\"19\" height=\"19\" viewBox=\"0 0 19 19\" fill=\"none\"><circle cx=\"9.5\" cy=\"9.5\" r=\"8.5\" stroke=\"black\" stroke-width=\"2\"><\/circle><\/svg>\t\t\t\t<\/span>\n\t\t\t<\/div>\n\t\t\t\n\t\t\t\t\t\t<div class=\"elementor-icon-box-content\">\n\n\t\t\t\t\t\t\t\t\t<h3 class=\"elementor-icon-box-title\">\n\t\t\t\t\t\t<span  >\n\t\t\t\t\t\t\tEts nou per aqu\u00ed? <a href=\"https:\/\/comunidad.yosoyvegetal.com\/ca\/registre\/\" class=\"registro\">Crea el teu compte.<\/a>\t\t\t\t\t\t<\/span>\n\t\t\t\t\t<\/h3>\n\t\t\t\t\n\t\t\t\t\n\t\t\t<\/div>\n\t\t\t\n\t\t<\/div>\n\t\t\t\t\t\t<\/div>\n\t\t\t\t<div class=\"elementor-element elementor-element-6cdbcf7 elementor-position-inline-start elementor-widget__width-initial elementor-hidden-mobile elementor-view-default elementor-mobile-position-block-start elementor-widget elementor-widget-icon-box\" data-id=\"6cdbcf7\" data-element_type=\"widget\" data-e-type=\"widget\" data-widget_type=\"icon-box.default\">\n\t\t\t\t\t\t\t<div class=\"elementor-icon-box-wrapper\">\n\n\t\t\t\t\t\t<div class=\"elementor-icon-box-icon\">\n\t\t\t\t<span  class=\"elementor-icon\">\n\t\t\t\t<svg xmlns=\"http:\/\/www.w3.org\/2000\/svg\" width=\"19\" height=\"19\" viewBox=\"0 0 19 19\" fill=\"none\"><circle cx=\"9.5\" cy=\"9.5\" r=\"8.5\" stroke=\"black\" stroke-width=\"2\"><\/circle><\/svg>\t\t\t\t<\/span>\n\t\t\t<\/div>\n\t\t\t\n\t\t\t\t\t\t<div class=\"elementor-icon-box-content\">\n\n\t\t\t\t\t\t\t\t\t<h3 class=\"elementor-icon-box-title\">\n\t\t\t\t\t\t<span  >\n\t\t\t\t\t\t\tJa reps els nostres e-mails?  Primer, <a href=\"https:\/\/comunidad.yosoyvegetal.com\/ca\/registre\/\" class=\"registro\">registra't.<\/a>\t\t\t\t\t\t<\/span>\n\t\t\t\t\t<\/h3>\n\t\t\t\t\n\t\t\t\t\n\t\t\t<\/div>\n\t\t\t\n\t\t<\/div>\n\t\t\t\t\t\t<\/div>\n\t\t\t\t<div class=\"elementor-element elementor-element-36fa33e elementor-position-inline-start elementor-widget__width-initial elementor-mobile-position-inline-start elementor-hidden-desktop elementor-hidden-tablet elementor-view-default elementor-widget elementor-widget-icon-box\" data-id=\"36fa33e\" data-element_type=\"widget\" data-e-type=\"widget\" data-widget_type=\"icon-box.default\">\n\t\t\t\t\t\t\t<div class=\"elementor-icon-box-wrapper\">\n\n\t\t\t\t\t\t<div class=\"elementor-icon-box-icon\">\n\t\t\t\t<span  class=\"elementor-icon\">\n\t\t\t\t<svg xmlns=\"http:\/\/www.w3.org\/2000\/svg\" width=\"19\" height=\"19\" viewBox=\"0 0 19 19\" fill=\"none\"><circle cx=\"9.5\" cy=\"9.5\" r=\"8.5\" stroke=\"black\" stroke-width=\"2\"><\/circle><\/svg>\t\t\t\t<\/span>\n\t\t\t<\/div>\n\t\t\t\n\t\t\t\t\t\t<div class=\"elementor-icon-box-content\">\n\n\t\t\t\t\t\t\t\t\t<h3 class=\"elementor-icon-box-title\">\n\t\t\t\t\t\t<span  >\n\t\t\t\t\t\t\t\u00bfYa recibes nuestros e-mails? Primero, <a href=\"https:\/\/comunidad.yosoyvegetal.com\/registro\/\" class=\"registro\">reg\u00edstrate.<\/a>\t\t\t\t\t\t<\/span>\n\t\t\t\t\t<\/h3>\n\t\t\t\t\n\t\t\t\t\n\t\t\t<\/div>\n\t\t\t\n\t\t<\/div>\n\t\t\t\t\t\t<\/div>\n\t\t\t\t<div class=\"elementor-element elementor-element-893a054 elementor-widget__width-initial elementor-widget elementor-widget-shortcode\" data-id=\"893a054\" data-element_type=\"widget\" data-e-type=\"widget\" data-widget_type=\"shortcode.default\">\n\t\t\t\t\t\t\t<div class=\"elementor-shortcode\">\r\n<div class=\"yosoy-login-container\">\r\n    <div class=\"yosoy-login-box\">\r\n        \r\n        \r\n        <div id=\"yosoy-login-message\"><\/div>\r\n\r\n        <form id=\"yosoy-login-form\" class=\"yosoy-form\" novalidate>\r\n            <div class=\"yosoy-form-group\">\r\n                <input\r\n                    type=\"email\"\r\n                    id=\"email\"\r\n                    name=\"email\"\r\n                    placeholder=\"Correu electr\u00f2nic\"\r\n                    autocomplete=\"email\"\r\n                >\r\n            <\/div>\r\n\r\n            <div class=\"yosoy-form-group\">\r\n                <input\r\n                    type=\"password\"\r\n                    id=\"password\"\r\n                    name=\"password\"\r\n                    placeholder=\"Contrasenya\"\r\n                    autocomplete=\"current-password\"\r\n                >\r\n            <\/div>\r\n\r\n            <div class=\"yosoy-forgot-password\">\r\n                <a href=\"https:\/\/comunidad.yosoyvegetal.com\/ca\/recuperar-contrasena\/\">Has oblidat la contrasenya?<\/a>\r\n            <\/div>\r\n\r\n            <button type=\"submit\" class=\"yosoy-btn yosoy-btn-primary yosoy-btn-login\">\r\n                <span class=\"btn-text\">ENTRA, ENTRA<\/span>\r\n                <span class=\"btn-loading\" style=\"display:none;\">ENTRANT...<\/span>\r\n            <\/button>\r\n        <\/form>\r\n    <\/div>\r\n<\/div>\r\n\t<\/div>\n\t\t\t\t\t\t<\/div>\n\t\t\t\t<\/div>\n\t\t<div class=\"elementor-element elementor-element-da3976c e-con-full e-flex elementor-invisible e-con e-child\" data-id=\"da3976c\" data-element_type=\"container\" data-e-type=\"container\" data-settings=\"{&quot;animation&quot;:&quot;fadeIn&quot;,&quot;animation_delay&quot;:0}\">\n\t\t<div class=\"elementor-element elementor-element-3e1ab21d e-grid e-con-full e-con e-child\" data-id=\"3e1ab21d\" data-element_type=\"container\" data-e-type=\"container\">\n\t\t<div class=\"elementor-element elementor-element-6914d1c9 e-con-full e-flex e-con e-child\" data-id=\"6914d1c9\" data-element_type=\"container\" data-e-type=\"container\" data-settings=\"{&quot;background_background&quot;:&quot;classic&quot;}\">\n\t\t\t\t<div class=\"elementor-element elementor-element-5bade696 elementor-widget elementor-widget-image\" data-id=\"5bade696\" data-element_type=\"widget\" data-e-type=\"widget\" data-widget_type=\"image.default\">\n\t\t\t\t\t\t\t\t\t\t\t\t\t\t\t<img decoding=\"async\" width=\"267\" height=\"341\" src=\"https:\/\/comunidad.yosoyvegetal.com\/wp-content\/uploads\/2025\/11\/YOSOY_DSC7585-1.png\" class=\"attachment-large size-large wp-image-5094\" alt=\"\" srcset=\"https:\/\/comunidad.yosoyvegetal.com\/wp-content\/uploads\/2025\/11\/YOSOY_DSC7585-1.png 267w, https:\/\/comunidad.yosoyvegetal.com\/wp-content\/uploads\/2025\/11\/YOSOY_DSC7585-1-235x300.png 235w\" sizes=\"(max-width: 267px) 100vw, 267px\" \/>\t\t\t\t\t\t\t\t\t\t\t\t\t\t\t<\/div>\n\t\t\t\t<div class=\"elementor-element elementor-element-767d9e4c elementor-widget__width-initial elementor-widget-tablet__width-initial pa-txt bold2 elementor-widget elementor-widget-text-editor\" data-id=\"767d9e4c\" data-element_type=\"widget\" data-e-type=\"widget\" data-widget_type=\"text-editor.default\">\n\t\t\t\t\t\t\t\t\t<p>Com a regal de benvinguda t&#8217;emportes una <strong>YOSOY gratis,<\/strong> que per aix\u00f2 estan els ve\u00efns.<\/p>\t\t\t\t\t\t\t\t<\/div>\n\t\t\t\t<\/div>\n\t\t<div class=\"elementor-element elementor-element-b517627 e-con-full e-flex e-con e-child\" data-id=\"b517627\" data-element_type=\"container\" data-e-type=\"container\" data-settings=\"{&quot;background_background&quot;:&quot;classic&quot;}\">\n\t\t\t\t<div class=\"elementor-element elementor-element-e7c9e85 elementor-widget elementor-widget-image\" data-id=\"e7c9e85\" data-element_type=\"widget\" data-e-type=\"widget\" data-widget_type=\"image.default\">\n\t\t\t\t\t\t\t\t\t\t\t\t\t\t\t<img decoding=\"async\" width=\"267\" height=\"341\" src=\"https:\/\/comunidad.yosoyvegetal.com\/wp-content\/uploads\/2025\/11\/YOSOY_DSC7585-2.png\" class=\"attachment-large size-large wp-image-5095\" alt=\"\" srcset=\"https:\/\/comunidad.yosoyvegetal.com\/wp-content\/uploads\/2025\/11\/YOSOY_DSC7585-2.png 267w, https:\/\/comunidad.yosoyvegetal.com\/wp-content\/uploads\/2025\/11\/YOSOY_DSC7585-2-235x300.png 235w\" sizes=\"(max-width: 267px) 100vw, 267px\" \/>\t\t\t\t\t\t\t\t\t\t\t\t\t\t\t<\/div>\n\t\t\t\t<div class=\"elementor-element elementor-element-13ef959 elementor-widget__width-initial elementor-widget-tablet__width-initial pa-txt bold2 elementor-widget elementor-widget-text-editor\" data-id=\"13ef959\" data-element_type=\"widget\" data-e-type=\"widget\" data-widget_type=\"text-editor.default\">\n\t\t\t\t\t\t\t\t\t<p>Els tiquets et donen <strong>punts i descomptes.<\/strong> Tan genial com tenir ve\u00efns que no facin soroll.<\/p>\t\t\t\t\t\t\t\t<\/div>\n\t\t\t\t<\/div>\n\t\t<div class=\"elementor-element elementor-element-38d2477 e-con-full e-flex e-con e-child\" data-id=\"38d2477\" data-element_type=\"container\" data-e-type=\"container\" data-settings=\"{&quot;background_background&quot;:&quot;classic&quot;}\">\n\t\t\t\t<div class=\"elementor-element elementor-element-8cbe877 elementor-widget elementor-widget-image\" data-id=\"8cbe877\" data-element_type=\"widget\" data-e-type=\"widget\" data-widget_type=\"image.default\">\n\t\t\t\t\t\t\t\t\t\t\t\t\t\t\t<img loading=\"lazy\" decoding=\"async\" width=\"267\" height=\"341\" src=\"https:\/\/comunidad.yosoyvegetal.com\/wp-content\/uploads\/2025\/11\/YOSOY_DSC7585-3.png\" class=\"attachment-large size-large wp-image-5096\" alt=\"\" srcset=\"https:\/\/comunidad.yosoyvegetal.com\/wp-content\/uploads\/2025\/11\/YOSOY_DSC7585-3.png 267w, https:\/\/comunidad.yosoyvegetal.com\/wp-content\/uploads\/2025\/11\/YOSOY_DSC7585-3-235x300.png 235w\" sizes=\"(max-width: 267px) 100vw, 267px\" \/>\t\t\t\t\t\t\t\t\t\t\t\t\t\t\t<\/div>\n\t\t\t\t<div class=\"elementor-element elementor-element-d8fcc3d elementor-widget__width-initial elementor-widget-tablet__width-initial pa-txt bold2 elementor-widget elementor-widget-text-editor\" data-id=\"d8fcc3d\" data-element_type=\"widget\" data-e-type=\"widget\" data-widget_type=\"text-editor.default\">\n\t\t\t\t\t\t\t\t\t<p>Aqu\u00ed compartim <strong>receptes<\/strong>, pots opinar &#8220;a les nostres juntes&#8221; i t&#8217;assabentar\u00e0s de tot.<\/p>\t\t\t\t\t\t\t\t<\/div>\n\t\t\t\t<\/div>\n\t\t<div class=\"elementor-element elementor-element-b1ae53e e-con-full e-flex e-con e-child\" data-id=\"b1ae53e\" data-element_type=\"container\" data-e-type=\"container\" data-settings=\"{&quot;background_background&quot;:&quot;classic&quot;}\">\n\t\t\t\t<div class=\"elementor-element elementor-element-06e99dd elementor-widget elementor-widget-image\" data-id=\"06e99dd\" data-element_type=\"widget\" data-e-type=\"widget\" data-widget_type=\"image.default\">\n\t\t\t\t\t\t\t\t\t\t\t\t\t\t\t<img loading=\"lazy\" decoding=\"async\" width=\"267\" height=\"341\" src=\"https:\/\/comunidad.yosoyvegetal.com\/wp-content\/uploads\/2025\/11\/YOSOY_DSC7585-4.png\" class=\"attachment-large size-large wp-image-5097\" alt=\"\" srcset=\"https:\/\/comunidad.yosoyvegetal.com\/wp-content\/uploads\/2025\/11\/YOSOY_DSC7585-4.png 267w, https:\/\/comunidad.yosoyvegetal.com\/wp-content\/uploads\/2025\/11\/YOSOY_DSC7585-4-235x300.png 235w\" sizes=\"(max-width: 267px) 100vw, 267px\" \/>\t\t\t\t\t\t\t\t\t\t\t\t\t\t\t<\/div>\n\t\t\t\t<div class=\"elementor-element elementor-element-7661ff1 elementor-widget__width-initial elementor-widget-tablet__width-initial pa-txt bold2 elementor-widget elementor-widget-text-editor\" data-id=\"7661ff1\" data-element_type=\"widget\" data-e-type=\"widget\" data-widget_type=\"text-editor.default\">\n\t\t\t\t\t\t\t\t\t<p>Tenim un detallet amb tu pel teu aniversari en forma de <strong>20 punts de regal.<\/strong><\/p>\t\t\t\t\t\t\t\t<\/div>\n\t\t\t\t<\/div>\n\t\t\t\t<\/div>\n\t\t\t\t<\/div>\n\t\t\t\t\t<\/div>\n\t\t\t\t<\/div>\n\t\t<div class=\"elementor-element elementor-element-0e989ff elementor-hidden-desktop elementor-hidden-tablet elementor-hidden-mobile e-flex e-con-boxed e-con e-parent\" data-id=\"0e989ff\" data-element_type=\"container\" data-e-type=\"container\">\n\t\t\t\t\t<div class=\"e-con-inner\">\n\t\t\t\t<div class=\"elementor-element elementor-element-0815547 elementor-widget elementor-widget-html\" data-id=\"0815547\" data-element_type=\"widget\" data-e-type=\"widget\" data-widget_type=\"html.default\">\n\t\t\t\t\t<style>\na.registro {\n    text-decoration: underline;\n}\n    \n<\/style>\t\t\t\t<\/div>\n\t\t\t\t\t<\/div>\n\t\t\t\t<\/div>\n\t\t\t\t<\/div>\n\t\t","protected":false},"excerpt":{"rendered":"<p>Ets nou per aqu\u00ed? Crea el teu compte. Ja reps els nostres e-mails? Primer, registra&#8217;t. \u00bfYa recibes nuestros e-mails? Primero, reg\u00edstrate. Com a regal de benvinguda t&#8217;emportes una YOSOY gratis, que per aix\u00f2 estan els ve\u00efns. Els tiquets et donen punts i descomptes. Tan genial com tenir ve\u00efns que no facin soroll. Aqu\u00ed compartim receptes,&#8230;<\/p>\n","protected":false},"author":1,"featured_media":0,"parent":0,"menu_order":0,"comment_status":"closed","ping_status":"closed","template":"elementor_header_footer","meta":{"inline_featured_image":false,"_kad_post_transparent":"","_kad_post_title":"","_kad_post_layout":"","_kad_post_sidebar_id":"","_kad_post_content_style":"","_kad_post_vertical_padding":"","_kad_post_feature":"","_kad_post_feature_position":"","_kad_post_header":false,"_kad_post_footer":false,"_kad_post_classname":"","footnotes":""},"class_list":["post-5160","page","type-page","status-publish","hentry"],"_links":{"self":[{"href":"https:\/\/comunidad.yosoyvegetal.com\/ca\/wp-json\/wp\/v2\/pages\/5160","targetHints":{"allow":["GET"]}}],"collection":[{"href":"https:\/\/comunidad.yosoyvegetal.com\/ca\/wp-json\/wp\/v2\/pages"}],"about":[{"href":"https:\/\/comunidad.yosoyvegetal.com\/ca\/wp-json\/wp\/v2\/types\/page"}],"author":[{"embeddable":true,"href":"https:\/\/comunidad.yosoyvegetal.com\/ca\/wp-json\/wp\/v2\/users\/1"}],"replies":[{"embeddable":true,"href":"https:\/\/comunidad.yosoyvegetal.com\/ca\/wp-json\/wp\/v2\/comments?post=5160"}],"version-history":[{"count":22,"href":"https:\/\/comunidad.yosoyvegetal.com\/ca\/wp-json\/wp\/v2\/pages\/5160\/revisions"}],"predecessor-version":[{"id":5403,"href":"https:\/\/comunidad.yosoyvegetal.com\/ca\/wp-json\/wp\/v2\/pages\/5160\/revisions\/5403"}],"wp:attachment":[{"href":"https:\/\/comunidad.yosoyvegetal.com\/ca\/wp-json\/wp\/v2\/media?parent=5160"}],"curies":[{"name":"wp","href":"https:\/\/api.w.org\/{rel}","templated":true}]}}